{"id":9423,"date":"2025-04-07T16:49:23","date_gmt":"2025-04-07T14:49:23","guid":{"rendered":"https:\/\/asta-hannover.de?page_id=9423"},"modified":"2025-09-24T16:03:41","modified_gmt":"2025-09-24T14:03:41","slug":"","status":"publish","type":"page","link":"https:\/\/asta-hannover.de\/es\/internationales\/","title":{"rendered":"","raw":""},"content":{"rendered":"","protected":false,"raw":""},"excerpt":{"rendered":"","protected":false,"raw":""},"author":17,"featured_media":0,"parent":0,"menu_order":0,"comment_status":"closed","ping_status":"closed","template":"","meta":{"_de_post_content":"<!-- wp:paragraph -->\n<p>Studieren in einem neuen Land bringt viele Herausforderungen mit sich \u2013 von Alltagsfragen \u00fcber b\u00fcrokratische H\u00fcrden bis hin zu sprachlichen oder sozialen Barrieren. Als AStA sind wir f\u00fcr dich da und m\u00f6chten dir den Einstieg und das Ankommen an unserer Hochschule erleichtern.<\/p>\n<!-- \/wp:paragraph -->\n\n<!-- wp:paragraph -->\n<p>Es gibt viele Unterst\u00fctzungsangebote speziell f\u00fcr internationale Studierende. Hier findest du eine \u00dcbersicht:<\/p>\n<!-- \/wp:paragraph -->\n\n<!-- wp:separator -->\n<hr class=\"wp-block-separator has-alpha-channel-opacity\"\/>\n<!-- \/wp:separator -->\n\n<!-- wp:columns -->\n<div class=\"wp-block-columns\"><!-- wp:column -->\n<div class=\"wp-block-column\"><!-- wp:heading {\"textAlign\":\"center\",\"level\":3} -->\n<h3 class=\"wp-block-heading has-text-align-center\">Referat f\u00fcr internationales<\/h3>\n<!-- \/wp:heading -->\n\n<!-- wp:paragraph -->\n<p>Das Referat f\u00fcr Internationales des AStA bietet regelm\u00e4\u00dfige <a href=\"https:\/\/asta-hannover.de\/kontakt\/sprechstunden\/\">Beratungssprechstunden<\/a> an.<br>Egal, ob du Fragen zu deinem Studium, zu Aufenthalts\u200bangelegenheiten oder zum Leben in Deutschland hast \u2013 wir helfen dir weiter oder vermitteln dich an die richtige Stelle. Schreib uns gerne eine E-Mail.<\/p>\n<!-- \/wp:paragraph -->\n\n<!-- wp:buttons {\"layout\":{\"type\":\"flex\",\"justifyContent\":\"center\"}} -->\n<div class=\"wp-block-buttons\"><!-- wp:button -->\n<div class=\"wp-block-button\"><a class=\"wp-block-button__link wp-element-button\" href=\"mailto:international@asta-hannover.de\" target=\"_blank\" rel=\"noreferrer noopener\">Kontakt: Referat f\u00fcr Internationales<\/a><\/div>\n<!-- \/wp:button --><\/div>\n<!-- \/wp:buttons --><\/div>\n<!-- \/wp:column -->\n\n<!-- wp:column -->\n<div class=\"wp-block-column\"><!-- wp:heading {\"textAlign\":\"center\",\"level\":3} -->\n<h3 class=\"wp-block-heading has-text-align-center\">Ausl\u00e4nderInnen\u200bkommission<\/h3>\n<!-- \/wp:heading -->\n\n<!-- wp:paragraph -->\n<p>Deine Vertretung in der Hochschulpolitik.<br>Die Kommission ist in der Satzung der Verfassten Studierendenschaft an der Uni Hannover festgeschrieben und wird von allen ausl\u00e4ndischen Studierenden gew\u00e4hlt. Sie bietet Beratung an und finanziert internationale Studierendenvereine.<\/p>\n<!-- \/wp:paragraph -->\n\n<!-- wp:buttons {\"layout\":{\"type\":\"flex\",\"justifyContent\":\"center\"}} -->\n<div class=\"wp-block-buttons\"><!-- wp:button -->\n<div class=\"wp-block-button\"><a class=\"wp-block-button__link wp-element-button\" href=\"mailto:auslaenderinnenkommission@stud.uni-hannover.de\" target=\"_blank\" rel=\"noreferrer noopener\">Kontakt: Ausl\u00e4nderInnenkommission<\/a><\/div>\n<!-- \/wp:button --><\/div>\n<!-- \/wp:buttons --><\/div>\n<!-- \/wp:column --><\/div>\n<!-- \/wp:columns -->\n\n<!-- wp:separator -->\n<hr class=\"wp-block-separator has-alpha-channel-opacity\"\/>\n<!-- \/wp:separator -->\n\n<!-- wp:columns -->\n<div class=\"wp-block-columns\"><!-- wp:column -->\n<div class=\"wp-block-column\"><!-- wp:heading {\"textAlign\":\"center\",\"level\":3} -->\n<h3 class=\"wp-block-heading has-text-align-center\">Erasmus Students Network<\/h3>\n<!-- \/wp:heading -->\n\n<!-- wp:paragraph {\"align\":\"center\"} -->\n<p class=\"has-text-align-center\">Die perfekte Gruppe f\u00fcr Freizeitangebote, Partys und Wanderungen f\u00fcr internationale Studierende in Hannover. Nicht nur f\u00fcr Erasmus-Studis!<\/p>\n<!-- \/wp:paragraph -->\n\n<!-- wp:buttons {\"layout\":{\"type\":\"flex\",\"justifyContent\":\"center\"}} -->\n<div class=\"wp-block-buttons\"><!-- wp:button {\"textAlign\":\"center\"} -->\n<div class=\"wp-block-button\"><a class=\"wp-block-button__link has-text-align-center wp-element-button\" href=\"mailto:hannover@esn-germany.de\">Kontakt: ESN<\/a><\/div>\n<!-- \/wp:button --><\/div>\n<!-- \/wp:buttons --><\/div>\n<!-- \/wp:column -->\n\n<!-- wp:column -->\n<div class=\"wp-block-column\"><!-- wp:heading {\"textAlign\":\"center\",\"level\":3} -->\n<h3 class=\"wp-block-heading has-text-align-center\">LUH: International Office<\/h3>\n<!-- \/wp:heading -->\n\n<!-- wp:paragraph -->\n<p>Informationen und Service zum Studium oder Forschungsaufenthalt an der Leibniz Universit\u00e4t Hannover sowie Informationen zu Studien- und Forschungsm\u00f6glichkeiten im Ausland.<\/p>\n<!-- \/wp:paragraph -->\n\n<!-- wp:paragraph -->\n<p>Das Hochschulb\u00fcro f\u00fcr Internationales betreut die Austauschprogramme der Leibniz Universit\u00e4t Hannover und ber\u00e4t zu Stipendien und F\u00f6rderm\u00f6glichkeiten. <\/p>\n<!-- \/wp:paragraph -->\n\n<!-- wp:buttons {\"layout\":{\"type\":\"flex\",\"justifyContent\":\"center\"}} -->\n<div class=\"wp-block-buttons\"><!-- wp:button -->\n<div class=\"wp-block-button\"><a class=\"wp-block-button__link wp-element-button\" href=\"mailto:incoming-student@uni-hannover.de\" target=\"_blank\" rel=\"noreferrer noopener\">Kontakt: International Office<\/a><\/div>\n<!-- \/wp:button --><\/div>\n<!-- \/wp:buttons --><\/div>\n<!-- \/wp:column --><\/div>\n<!-- \/wp:columns -->\n\n<!-- wp:separator -->\n<hr class=\"wp-block-separator has-alpha-channel-opacity\"\/>\n<!-- \/wp:separator -->\n\n<!-- wp:columns -->\n<div class=\"wp-block-columns\"><!-- wp:column -->\n<div class=\"wp-block-column\"><!-- wp:heading {\"level\":3} -->\n<h3 class=\"wp-block-heading\">ZQS \/ Schl\u00fcsselkompetenzen<\/h3>\n<!-- \/wp:heading -->\n\n<!-- wp:paragraph -->\n<p>Das ZQS der Universit\u00e4t bietet Schl\u00fcsselkompetenzkurse sowie Beratung und Workshops f\u00fcr internationale Studierende. Beim ZQS erh\u00e4lt man Tipps und praktische Hinweise zu allen Themen rund um das Lernen, Studieren und Bewerben in Deutschland.<br>Das Career Service, aber auch die Lernwerkstatt sind besonders von Interesse.<\/p>\n<!-- \/wp:paragraph -->\n\n<!-- wp:buttons -->\n<div class=\"wp-block-buttons\"><!-- wp:button -->\n<div class=\"wp-block-button\"><a class=\"wp-block-button__link wp-element-button\" href=\"https:\/\/www.zqs.uni-hannover.de\/de\/sk\/international\">Homepage des ZQS<\/a><\/div>\n<!-- \/wp:button --><\/div>\n<!-- \/wp:buttons --><\/div>\n<!-- \/wp:column -->\n\n<!-- wp:column -->\n<div class=\"wp-block-column\"><\/div>\n<!-- \/wp:column --><\/div>\n<!-- \/wp:columns -->\n\n<!-- wp:paragraph -->\n<p><\/p>\n<!-- \/wp:paragraph -->\n\n<!-- wp:separator -->\n<hr class=\"wp-block-separator has-alpha-channel-opacity\"\/>\n<!-- \/wp:separator -->\n\n<!-- wp:paragraph -->\n<p><\/p>\n<!-- \/wp:paragraph -->\n\n<!-- wp:heading -->\n<h2 class=\"wp-block-heading\">Weitere Anlaufstellen<\/h2>\n<!-- \/wp:heading -->\n\n<!-- wp:paragraph -->\n<p>Weitere Anlaufstellen sind unten nach Themen geordnet.<br>Die Studentische Vertretung deiner Fakult\u00e4t ist auch ein wertvoller Ansprechpartner. Unten kannst du deinen Fachrat finden.<br>Studierende aus unterschiedlichen L\u00e4ndern organisieren sich als Vereine, die ebenfalls die Interesse ihrer Mitstudierenden vertreten.  Diese sind unten ausgelistet.<\/p>\n<!-- \/wp:paragraph -->\n\n<!-- wp:details {\"fontSize\":\"medium\"} -->\n<details class=\"wp-block-details has-medium-font-size\"><summary>Anlaufstellen &amp; Beratungsangebote<\/summary><!-- wp:group {\"layout\":{\"type\":\"constrained\"}} -->\n<div class=\"wp-block-group\"><!-- wp:heading {\"textAlign\":\"left\",\"level\":3} -->\n<h3 class=\"wp-block-heading has-text-align-left\">Beratung zum Studium<\/h3>\n<!-- \/wp:heading -->\n\n<!-- wp:columns -->\n<div class=\"wp-block-columns\"><!-- wp:column -->\n<div class=\"wp-block-column\"><!-- wp:heading {\"textAlign\":\"center\",\"level\":5} -->\n<h5 class=\"wp-block-heading has-text-align-center\">AStA: Hochschul- und Studienberatung<\/h5>\n<!-- \/wp:heading -->\n\n<!-- wp:paragraph -->\n<p>Bei uns findet ihr einen Ort an dem ihr euch sicher sein k\u00f6nnt, dass eure Probleme vertraulich behandelt werden und wir eure Anliegen ernst nehmen.<br>Bei Pr\u00fcfungsproblemen, Studiengangswechsel, Problemen mit dem Pr\u00fcfungsamt oder Exmatrikulationen sind wir die richtige Ansprechperson.<\/p>\n<!-- \/wp:paragraph -->\n\n<!-- wp:buttons {\"layout\":{\"type\":\"flex\",\"justifyContent\":\"center\"}} -->\n<div class=\"wp-block-buttons\"><!-- wp:button -->\n<div class=\"wp-block-button\"><a class=\"wp-block-button__link wp-element-button\" href=\"mailto:studienberatung@asta-hannover.de\">Kontakt: AStA HSB<\/a><\/div>\n<!-- \/wp:button --><\/div>\n<!-- \/wp:buttons --><\/div>\n<!-- \/wp:column -->\n\n<!-- wp:column -->\n<div class=\"wp-block-column\"><!-- wp:heading {\"textAlign\":\"center\",\"level\":5} -->\n<h5 class=\"wp-block-heading has-text-align-center\">LUH: Zentrale Studienberatung<\/h5>\n<!-- \/wp:heading -->\n\n<!-- wp:paragraph -->\n<p>In der Infothek des ServiceCenters der Universit\u00e4t sind die studentischen Mitarbeiter*innen (Peers) der Zentralen Studienberatung. Sie bieten dort Unterst\u00fctzung z.B. bei der Studienbewerbung, bei organisatorischen Fragen rund ums Studium, usw.<\/p>\n<!-- \/wp:paragraph -->\n\n<!-- wp:buttons {\"layout\":{\"type\":\"flex\",\"justifyContent\":\"center\"}} -->\n<div class=\"wp-block-buttons\"><!-- wp:button -->\n<div class=\"wp-block-button\"><a class=\"wp-block-button__link wp-element-button\" href=\"mailto:studienberatung@uni-hannover.de\">Kontakt: LUH ZSB<\/a><\/div>\n<!-- \/wp:button --><\/div>\n<!-- \/wp:buttons --><\/div>\n<!-- \/wp:column --><\/div>\n<!-- \/wp:columns --><\/div>\n<!-- \/wp:group -->\n\n<!-- wp:group {\"layout\":{\"type\":\"constrained\"}} -->\n<div class=\"wp-block-group\"><!-- wp:separator -->\n<hr class=\"wp-block-separator has-alpha-channel-opacity\"\/>\n<!-- \/wp:separator -->\n\n<!-- wp:heading {\"level\":3} -->\n<h3 class=\"wp-block-heading\">Beratung bei Diskriminierung<\/h3>\n<!-- \/wp:heading -->\n\n<!-- wp:columns -->\n<div class=\"wp-block-columns\"><!-- wp:column -->\n<div class=\"wp-block-column\"><!-- wp:heading {\"textAlign\":\"center\",\"level\":5} -->\n<h5 class=\"wp-block-heading has-text-align-center\">AStA: SB-Stelle Antidiskriminierung<\/h5>\n<!-- \/wp:heading -->\n\n<!-- wp:paragraph -->\n<p>Die SB-Stelle \u201eAntidiskriminierung\u201c erarbeitet eine Handhabe zum Umgang mit F\u00e4llen von Diskriminierung und sexualisierter Gewalt, die die Handlungsf\u00e4higkeit der Organe der Studierendenschaft durch eine konzeptionelle Grundlage sicherstellt.<\/p>\n<!-- \/wp:paragraph -->\n\n<!-- wp:buttons {\"layout\":{\"type\":\"flex\",\"justifyContent\":\"center\"}} -->\n<div class=\"wp-block-buttons\"><!-- wp:button -->\n<div class=\"wp-block-button\"><a class=\"wp-block-button__link wp-element-button\" href=\"mailto:antidis@asta-hannover.de\">Kontakt: AStA Antidis<\/a><\/div>\n<!-- \/wp:button --><\/div>\n<!-- \/wp:buttons --><\/div>\n<!-- \/wp:column -->\n\n<!-- wp:column -->\n<div class=\"wp-block-column\"><!-- wp:heading {\"textAlign\":\"center\",\"level\":5} -->\n<h5 class=\"wp-block-heading has-text-align-center\">LUH: A-Team<\/h5>\n<!-- \/wp:heading -->\n\n<!-- wp:paragraph -->\n<p>Das von der Antidiskriminierungsstelle der Stadt Hannover ausgebildete A-Team (Antidiskriminierungsteam) bildet eine erste Anlaufstelle f\u00fcr Studierende an der LUH. Mit ihnen k\u00f6nnen Kommiliton*innen in einem sicheren Rahmen \u00fcber (ihre) Diskriminierungserfahrungen sprechen. Mit dem Peer-to-Peer-Ansatz k\u00f6nnen sie unb\u00fcrokratisch und auf Augenh\u00f6he Hilfestellung geben und bei Bedarf zielgerichtet weitervermitteln.<\/p>\n<!-- \/wp:paragraph -->\n\n<!-- wp:buttons {\"layout\":{\"type\":\"flex\",\"justifyContent\":\"center\"}} -->\n<div class=\"wp-block-buttons\"><!-- wp:button -->\n<div class=\"wp-block-button\"><a class=\"wp-block-button__link wp-element-button\" href=\"mailto:a-team@chancenvielfalt.uni-hannover.de\">Kontakt: LUH A-Team<\/a><\/div>\n<!-- \/wp:button --><\/div>\n<!-- \/wp:buttons --><\/div>\n<!-- \/wp:column --><\/div>\n<!-- \/wp:columns --><\/div>\n<!-- \/wp:group -->\n\n<!-- wp:columns -->\n<div class=\"wp-block-columns\"><!-- wp:column -->\n<div class=\"wp-block-column\"><!-- wp:separator {\"align\":\"center\"} -->\n<hr class=\"wp-block-separator aligncenter has-alpha-channel-opacity\"\/>\n<!-- \/wp:separator -->\n\n<!-- wp:heading {\"level\":3} -->\n<h3 class=\"wp-block-heading\">Beratung bei finanziellen Schwierigkeiten<\/h3>\n<!-- \/wp:heading -->\n\n<!-- wp:columns -->\n<div class=\"wp-block-columns\"><!-- wp:column -->\n<div class=\"wp-block-column\"><!-- wp:heading {\"textAlign\":\"center\",\"level\":5} -->\n<h5 class=\"wp-block-heading has-text-align-center\">AStA: BAF\u00f6G- und Sozialberatung<\/h5>\n<!-- \/wp:heading -->\n\n<!-- wp:paragraph -->\n<p>Beratung zu BAF\u00f6G und weiteren Finanzierungs\u200bm\u00f6glichkeiten. Auch ohne Termin im B\u00fcro des AStA erreichbar.<br>Bitte auf <a href=\"https:\/\/asta-hannover.de\/kontakt\/sprechstunden\/\">Sprechzeiten<\/a> achten.<\/p>\n<!-- \/wp:paragraph -->\n\n<!-- wp:buttons {\"layout\":{\"type\":\"flex\",\"justifyContent\":\"center\"}} -->\n<div class=\"wp-block-buttons\"><!-- wp:button -->\n<div class=\"wp-block-button\"><a class=\"wp-block-button__link wp-element-button\" href=\"mailto:bafoeg@asta-hannover.de\">Kontakt: BSB<\/a><\/div>\n<!-- \/wp:button --><\/div>\n<!-- \/wp:buttons --><\/div>\n<!-- \/wp:column -->\n\n<!-- wp:column -->\n<div class=\"wp-block-column\"><!-- wp:heading {\"textAlign\":\"center\",\"level\":5} -->\n<h5 class=\"wp-block-heading has-text-align-center\">AStA: Darlehen<\/h5>\n<!-- \/wp:heading -->\n\n<!-- wp:paragraph -->\n<p>Um einen kurzfristig auftretenden Finanzengpass zu \u00fcberbr\u00fccken, besteht die M\u00f6glichkeit ein AStA-Darlehen aufzunehmen.<br>Studierende der Leibniz Universit\u00e4t Hannover k\u00f6nnen sich einmalig 450\u20ac von der Studierendenschaft leihen. <\/p>\n<!-- \/wp:paragraph -->\n\n<!-- wp:buttons {\"layout\":{\"type\":\"flex\",\"justifyContent\":\"center\"}} -->\n<div class=\"wp-block-buttons\"><!-- wp:button -->\n<div class=\"wp-block-button\"><a class=\"wp-block-button__link wp-element-button\" href=\"https:\/\/asta-hannover.de\/angebote\/finanzielles\/darlehen\/\">Darlehen<\/a><\/div>\n<!-- \/wp:button --><\/div>\n<!-- \/wp:buttons --><\/div>\n<!-- \/wp:column -->\n\n<!-- wp:column -->\n<div class=\"wp-block-column\"><!-- wp:heading {\"textAlign\":\"center\",\"level\":5} -->\n<h5 class=\"wp-block-heading has-text-align-center\">AStA: Semesterticket-Ausfallfonds<\/h5>\n<!-- \/wp:heading -->\n\n<!-- wp:paragraph -->\n<p>Es gibt die M\u00f6glichkeit f\u00fcr Studierende, die Probleme bei der Finanzierung ihres Studiums haben, sich das Semesterticket \u00fcber den Fonds r\u00fcckerstatten zu lassen.<\/p>\n<!-- \/wp:paragraph -->\n\n<!-- wp:buttons {\"layout\":{\"type\":\"flex\",\"justifyContent\":\"center\"}} -->\n<div class=\"wp-block-buttons\"><!-- wp:button -->\n<div class=\"wp-block-button\"><a class=\"wp-block-button__link wp-element-button\" href=\"mailto:semesterticketausfallfonds@asta-hannover.de\">Kontakt: Ausfallfonds<\/a><\/div>\n<!-- \/wp:button --><\/div>\n<!-- \/wp:buttons --><\/div>\n<!-- \/wp:column --><\/div>\n<!-- \/wp:columns --><\/div>\n<!-- \/wp:column --><\/div>\n<!-- \/wp:columns -->\n\n<!-- wp:separator -->\n<hr class=\"wp-block-separator has-alpha-channel-opacity\"\/>\n<!-- \/wp:separator -->\n\n<!-- wp:heading {\"textAlign\":\"left\",\"level\":3} -->\n<h3 class=\"wp-block-heading has-text-align-left\">Beratung zu Teilhabe und Barrierefreiheit<\/h3>\n<!-- \/wp:heading -->\n\n<!-- wp:columns -->\n<div class=\"wp-block-columns\"><!-- wp:column -->\n<div class=\"wp-block-column\"><!-- wp:heading {\"textAlign\":\"center\",\"level\":5} -->\n<h5 class=\"wp-block-heading has-text-align-center\">AStA: Teilhabe und Barrierefreiheit<\/h5>\n<!-- \/wp:heading -->\n\n<!-- wp:paragraph -->\n<p>Die SB-Stelle Teilhabe unterst\u00fctzt und ber\u00e4t Studierenden mit chronischen Erkrankungen oder Behinderungen.<\/p>\n<!-- \/wp:paragraph -->\n\n<!-- wp:buttons {\"layout\":{\"type\":\"flex\",\"justifyContent\":\"center\"}} -->\n<div class=\"wp-block-buttons\"><!-- wp:button -->\n<div class=\"wp-block-button\"><a class=\"wp-block-button__link wp-element-button\" href=\"mailto:teilhabe@asta-hannover.de\">Kontakt: AStA Teilhabe<\/a><\/div>\n<!-- \/wp:button --><\/div>\n<!-- \/wp:buttons --><\/div>\n<!-- \/wp:column -->\n\n<!-- wp:column -->\n<div class=\"wp-block-column\"><!-- wp:heading {\"textAlign\":\"center\",\"level\":5} -->\n<h5 class=\"wp-block-heading has-text-align-center\">Unterst\u00fctzungsangebote der LUH<\/h5>\n<!-- \/wp:heading -->\n\n<!-- wp:paragraph -->\n<p>Die Universit\u00e4t bietet Unterst\u00fctzung f\u00fcr Studierende mit Behinderungen, unter anderem einen Arbeitsplatz f\u00fcr blinde Studierende in der TIB, Ausleihen von Hilfsmitteln und die M\u00f6glichkeit, sich bei Mitarbeiter*innen der Universit\u00e4t zu melden, wenn die Erreichbarkeit von H\u00f6rs\u00e4len nicht gew\u00e4hrleistet werden kann.<\/p>\n<!-- \/wp:paragraph -->\n\n<!-- wp:buttons {\"layout\":{\"type\":\"flex\",\"justifyContent\":\"center\"}} -->\n<div class=\"wp-block-buttons\"><!-- wp:button -->\n<div class=\"wp-block-button\"><a class=\"wp-block-button__link wp-element-button\" href=\"https:\/\/www.uni-hannover.de\/de\/studium\/beratung-hilfe\/studieren-mit-handicap\/unterstuetzung\">LUH Studieren mit Handicap<\/a><\/div>\n<!-- \/wp:button --><\/div>\n<!-- \/wp:buttons --><\/div>\n<!-- \/wp:column --><\/div>\n<!-- \/wp:columns -->\n\n<!-- wp:separator -->\n<hr class=\"wp-block-separator has-alpha-channel-opacity\"\/>\n<!-- \/wp:separator -->\n\n<!-- wp:heading {\"level\":3} -->\n<h3 class=\"wp-block-heading\">Beratung f\u00fcr queere Studierende<\/h3>\n<!-- \/wp:heading -->\n\n<!-- wp:columns -->\n<div class=\"wp-block-columns\"><!-- wp:column -->\n<div class=\"wp-block-column\"><!-- wp:heading {\"textAlign\":\"center\",\"level\":5} -->\n<h5 class=\"wp-block-heading has-text-align-center\">AStA: Queer-Politik<\/h5>\n<!-- \/wp:heading -->\n\n<!-- wp:paragraph -->\n<p>Wenn du Gewalt oder Diskriminierung an der Uni erfahren hast und mit einer Person dar\u00fcber sprechen m\u00f6chtet, die sich explizit mit queerer Thematik auskennt, kannst du dich an diese Sachbearbeitungsstelle wenden. Die Stelle arbeitet dabei eng mit den Antidiskriminierungsstellen und der Stelle f\u00fcr Frauen- und Geschlechterpolitik zusammen.<\/p>\n<!-- \/wp:paragraph -->\n\n<!-- wp:paragraph -->\n<p>Wenn du zu bestimmten Themen Beratungsangebote f\u00fcr queers suchst oder queere Gruppen in Hannover, denen du dich anschlie\u00dfen kannst, bist du hier ebenfalls an der richtigen Adresse.<\/p>\n<!-- \/wp:paragraph -->\n\n<!-- wp:buttons {\"layout\":{\"type\":\"flex\",\"justifyContent\":\"center\"}} -->\n<div class=\"wp-block-buttons\"><!-- wp:button -->\n<div class=\"wp-block-button\"><a class=\"wp-block-button__link wp-element-button\" href=\"mailto:queerpol@asta-hannover.de\">Kontakt: AStA QueerPol<\/a><\/div>\n<!-- \/wp:button --><\/div>\n<!-- \/wp:buttons --><\/div>\n<!-- \/wp:column -->\n\n<!-- wp:column -->\n<div class=\"wp-block-column\"><!-- wp:heading {\"textAlign\":\"center\",\"level\":5} -->\n<h5 class=\"wp-block-heading has-text-align-center\">LUH: Geschlechtervielfalt<\/h5>\n<!-- \/wp:heading -->\n\n<!-- wp:paragraph -->\n<p>Die Leibniz Universit\u00e4t setzt sich aktiv gegen Sexismus und Diskriminierung in jeder Form ein und st\u00e4rkt die geschlechtliche Vielfalt. Die Bedarfe von queeren Studierenden und Besch\u00e4ftigten werden demnach konsequent mitgedacht.<\/p>\n<!-- \/wp:paragraph -->\n\n<!-- wp:paragraph -->\n<p>Hier kannst du zum Beispiel eine Vornamens\u00e4nderung an der Universit\u00e4t beantragen oder dich beraten lassen.<\/p>\n<!-- \/wp:paragraph -->\n\n<!-- wp:buttons {\"layout\":{\"type\":\"flex\",\"justifyContent\":\"center\"}} -->\n<div class=\"wp-block-buttons\"><!-- wp:button -->\n<div class=\"wp-block-button\"><a class=\"wp-block-button__link wp-element-button\" href=\"https:\/\/www.chancenvielfalt.uni-hannover.de\/de\/diversity-management\/geschlechtervielfalt\">LUH Geschlechtervielfalt<\/a><\/div>\n<!-- \/wp:button --><\/div>\n<!-- \/wp:buttons --><\/div>\n<!-- \/wp:column --><\/div>\n<!-- \/wp:columns --><\/details>\n<!-- \/wp:details -->\n\n<!-- wp:columns -->\n<div class=\"wp-block-columns\"><!-- wp:column {\"width\":\"100%\"} -->\n<div class=\"wp-block-column\" style=\"flex-basis:100%\"><!-- wp:details {\"fontSize\":\"medium\"} -->\n<details class=\"wp-block-details has-medium-font-size\"><summary>Fachschaftsr\u00e4te &amp; Fachr\u00e4te<\/summary><!-- wp:paragraph {\"placeholder\":\"Gib \/ ein, um einen verborgenen Block hinzuzuf\u00fcgen\"} -->\n<p>Die Fachschaftsr\u00e4te und Fachr\u00e4te (FSR) sind auf der Homepage der Universit\u00e4t zu finden.<br>FSR sind die studentische Vertretung deiner Fakult\u00e4t. Deine Komilliton*innen im FSR k\u00f6nnen dich am besten zu deinem Studium und weiteren Themen beraten.<\/p>\n<!-- \/wp:paragraph -->\n\n<!-- wp:buttons {\"layout\":{\"type\":\"flex\",\"justifyContent\":\"center\"}} -->\n<div class=\"wp-block-buttons\"><!-- wp:button -->\n<div class=\"wp-block-button\"><a class=\"wp-block-button__link wp-element-button\" href=\"https:\/\/www.uni-hannover.de\/de\/studium\/im-studium\/campusleben-und-engagement\/gruppen-selbstverwaltung\/organe-gremien\/fachschaften\">Liste der Fachschaftsr\u00e4te und Fachr\u00e4te<\/a><\/div>\n<!-- \/wp:button --><\/div>\n<!-- \/wp:buttons --><\/details>\n<!-- \/wp:details --><\/div>\n<!-- \/wp:column --><\/div>\n<!-- \/wp:columns -->\n\n<!-- wp:details {\"fontSize\":\"medium\"} -->\n<details class=\"wp-block-details has-medium-font-size\"><summary>Internationale Studierendenvereine<\/summary><!-- wp:paragraph -->\n<p>Viele internationale Studierende haben eigene Communities gegr\u00fcndet, in denen sie sich vernetzen, austauschen und Veranstaltungen organisieren. Diese Gruppen vertreten ebenfalls die Interessen ihrer Mitglieder und bieten Beratung an.<\/p>\n<!-- \/wp:paragraph -->\n\n<!-- wp:group {\"layout\":{\"type\":\"constrained\"}} -->\n<div class=\"wp-block-group\"><!-- wp:heading {\"level\":4} -->\n<h4 class=\"wp-block-heading\">Studentische Vereinigung Lateinamerika<\/h4>\n<!-- \/wp:heading -->\n\n<!-- wp:paragraph -->\n<p>Die SV-Latam vertritt den Interessen Studierender aus Lateinamerika.<\/p>\n<!-- \/wp:paragraph -->\n\n<!-- wp:buttons -->\n<div class=\"wp-block-buttons\"><!-- wp:button -->\n<div class=\"wp-block-button\"><a class=\"wp-block-button__link wp-element-button\" href=\"http:\/\/asta-hannover\/latam\">SV-Latam<\/a><\/div>\n<!-- \/wp:button --><\/div>\n<!-- \/wp:buttons --><\/div>\n<!-- \/wp:group -->\n\n<!-- wp:paragraph -->\n<p><\/p>\n<!-- \/wp:paragraph --><\/details>\n<!-- \/wp:details -->\n\n<!-- wp:paragraph -->\n<p><\/p>\n<!-- \/wp:paragraph -->","_de_post_name":"internationales","_de_post_excerpt":"","_de_post_title":"Angebote f\u00fcr Internationale Studierende","_en_post_content":"","_en_post_name":"","_en_post_excerpt":"","_en_post_title":"","_es_post_content":"","_es_post_name":"","_es_post_excerpt":"","_es_post_title":"","edit_language":"es","footnotes":""},"class_list":["post-9423","page","type-page","status-publish","hentry"],"_links":{"self":[{"href":"https:\/\/asta-hannover.de\/es\/wp-json\/wp\/v2\/pages\/9423","targetHints":{"allow":["GET"]}}],"collection":[{"href":"https:\/\/asta-hannover.de\/es\/wp-json\/wp\/v2\/pages"}],"about":[{"href":"https:\/\/asta-hannover.de\/es\/wp-json\/wp\/v2\/types\/page"}],"author":[{"embeddable":true,"href":"https:\/\/asta-hannover.de\/es\/wp-json\/wp\/v2\/users\/17"}],"replies":[{"embeddable":true,"href":"https:\/\/asta-hannover.de\/es\/wp-json\/wp\/v2\/comments?post=9423"}],"version-history":[{"count":17,"href":"https:\/\/asta-hannover.de\/es\/wp-json\/wp\/v2\/pages\/9423\/revisions"}],"predecessor-version":[{"id":9673,"href":"https:\/\/asta-hannover.de\/es\/wp-json\/wp\/v2\/pages\/9423\/revisions\/9673"}],"wp:attachment":[{"href":"https:\/\/asta-hannover.de\/es\/wp-json\/wp\/v2\/media?parent=9423"}],"curies":[{"name":"wp","href":"https:\/\/api.w.org\/{rel}","templated":true}]}}