{"id":9225,"date":"2024-04-11T12:34:15","date_gmt":"2024-04-11T10:34:15","guid":{"rendered":"https:\/\/test.asta-hannover.de\/?page_id=9225"},"modified":"2024-11-22T15:31:33","modified_gmt":"2024-11-22T14:31:33","slug":"","status":"publish","type":"page","link":"https:\/\/asta-hannover.de\/es\/barrieremelder\/","title":{"rendered":"","raw":""},"content":{"rendered":"","protected":false,"raw":""},"excerpt":{"rendered":"","protected":false,"raw":""},"author":5,"featured_media":0,"parent":0,"menu_order":0,"comment_status":"closed","ping_status":"closed","template":"","meta":{"_de_post_content":"<!-- wp:paragraph -->\n<p>Die Leibniz Universit\u00e4t ist leider nicht barrierefrei. Das ist besonders frustrierend f\u00fcr Betroffene. Rauminformationen der LUH sind meist unvollst\u00e4ndig und veraltet. <\/p>\n<!-- \/wp:paragraph -->\n\n<!-- wp:paragraph -->\n<p>Deshalb haben wir den Barrieremelder eingerichtet, mit dem ihr Barrieren (bauliche, organisatorische, strukturelle und weitere) einfach melden k\u00f6nnt. Wir leiten die Meldungen weiter und setzen uns f\u00fcr Ver\u00e4nderungen ein, damit die Uni schneller barrierefrei wird.<\/p>\n<!-- \/wp:paragraph -->\n\n<!-- wp:paragraph -->\n<p>Ist dir eine Barriere aufgefallen? Trag sie (anonym) in unser Formular ein, gern auch mit Foto. Bei Fragen oder Vorschl\u00e4gen zum Barrieremelder schreibt uns an teilhabe@asta-hannover.de  <\/p>\n<!-- \/wp:paragraph -->\n\n<!-- wp:contact-form-7\/contact-form-selector {\"id\":9259,\"hash\":\"0074dad\",\"title\":\"Barrieremelder\"} -->\n<div class=\"wp-block-contact-form-7-contact-form-selector\">[contact-form-7 id=\"0074dad\" title=\"Barrieremelder\"]<\/div>\n<!-- \/wp:contact-form-7\/contact-form-selector -->","_de_post_name":"barrieremelder","_de_post_excerpt":"","_de_post_title":"Barrieremelder","_en_post_content":"<!-- wp:paragraph -->\n<p>Leibniz University is not free of barriers. As unsurprising as this is for everyone, it is frustrating for all those who are affected by it. There is an <a href=\"https:\/\/www.uni-hannover.de\/fileadmin\/Studienberatung\/Neu_ab_Relaunch\/05_Studium_Beratung_und_Hilfe\/02_Studieren_mit_Handicap\/Barrierefreieheit_Homepage.pdf\">official LUH overview of barriers and accessibility of LUH buildings and premises<\/a> [as of May 2018]. However, this is not enough and such an overview is not necessarily complete or up-to-date. Many accessibility issues are often most obvious to those affected. We have therefore set up this accessibility alarm, which you can use to report (structural) barriers without much effort. We will then get in touch with the relevant authorities and try to change things. After all, the university has set itself the goal of removing barriers in the long term - in our eyes, this can't happen fast enough.<\/p>\n<!-- \/wp:paragraph -->\n\n<!-- wp:paragraph -->\n<p>Have you noticed a barrier? Then please enter it (anonymously) in our form. We will then contact the relevant department and try to ensure that the barrier is removed. If you like, please attach a photo.<\/p>\n<!-- \/wp:paragraph -->\n\n<!-- wp:paragraph -->\n<p>If you have any comments, suggestions for improvement or criticism of the barrier reporter, please send us an e-mail to teilhabe@asta-hannover.de<\/p>\n<!-- \/wp:paragraph -->\n\n<!-- wp:contact-form-7\/contact-form-selector {\"id\":9261,\"hash\":\"6f3c638\",\"title\":\"Barrieremelder_englisch\"} -->\n<div class=\"wp-block-contact-form-7-contact-form-selector\">[contact-form-7 id=\"6f3c638\" title=\"Barrieremelder_englisch\"]<\/div>\n<!-- \/wp:contact-form-7\/contact-form-selector -->","_en_post_name":"","_en_post_excerpt":"","_en_post_title":"Accessibility Alarm","_es_post_content":"","_es_post_name":"","_es_post_excerpt":"","_es_post_title":"","edit_language":"es","footnotes":""},"class_list":["post-9225","page","type-page","status-publish","hentry"],"_links":{"self":[{"href":"https:\/\/asta-hannover.de\/es\/wp-json\/wp\/v2\/pages\/9225","targetHints":{"allow":["GET"]}}],"collection":[{"href":"https:\/\/asta-hannover.de\/es\/wp-json\/wp\/v2\/pages"}],"about":[{"href":"https:\/\/asta-hannover.de\/es\/wp-json\/wp\/v2\/types\/page"}],"author":[{"embeddable":true,"href":"https:\/\/asta-hannover.de\/es\/wp-json\/wp\/v2\/users\/5"}],"replies":[{"embeddable":true,"href":"https:\/\/asta-hannover.de\/es\/wp-json\/wp\/v2\/comments?post=9225"}],"version-history":[{"count":4,"href":"https:\/\/asta-hannover.de\/es\/wp-json\/wp\/v2\/pages\/9225\/revisions"}],"predecessor-version":[{"id":9381,"href":"https:\/\/asta-hannover.de\/es\/wp-json\/wp\/v2\/pages\/9225\/revisions\/9381"}],"wp:attachment":[{"href":"https:\/\/asta-hannover.de\/es\/wp-json\/wp\/v2\/media?parent=9225"}],"curies":[{"name":"wp","href":"https:\/\/api.w.org\/{rel}","templated":true}]}}