{"id":8944,"date":"2023-03-16T20:03:21","date_gmt":"2023-03-16T19:03:21","guid":{"rendered":"https:\/\/test.asta-hannover.de\/?page_id=8944"},"modified":"2023-04-14T14:20:02","modified_gmt":"2023-04-14T12:20:02","slug":"","status":"publish","type":"page","link":"https:\/\/asta-hannover.de\/es\/asta\/sb-stellen\/organizing\/","title":{"rendered":"","raw":""},"content":{"rendered":"","protected":false,"raw":""},"excerpt":{"rendered":"","protected":false,"raw":""},"author":5,"featured_media":0,"parent":6118,"menu_order":0,"comment_status":"closed","ping_status":"closed","template":"","meta":{"_de_post_content":"<!-- wp:paragraph -->\n<p>Mit der Sachbearbeitungsstelle unter dem Titel Organizing m\u00f6chten wir als AStA der Entwicklung der letzten Jahre und Jahrzehnte Tribut zollen und uns dem Thema soziale K\u00e4mpfe annehmen. <\/p>\n<!-- \/wp:paragraph -->\n\n<!-- wp:paragraph -->\n<p>Die Hochschullandschaft hat sich mehr und mehr ver\u00e4ndert, sodass heute die Studierendenschaft erfreulicherweise deutlich diverser ist als noch vor 10 Jahren. Gleichzeitig bedeutet dies, dass daraus neue Herausforderungen entstehen. Migrantische Personen oder Studierende, die aus nicht-akademischen Familien kommen, stehen vor anderen Herausforderungen. Wesentlich ist dabei unter anderem die Finanzierung des Studiums. Mittlerweise mu\u00fcssen etwa zwei Drittel aller Studierende arbeiten, um sich ihren Lebensunterhalt im Studium zu erm\u00f6glichen. Dies erfolgt meist in prek\u00e4ren Besch\u00e4ftigungsverh\u00e4ltnissen bei niedrigem Stundenlohn, was zu einer immensen Mehrfachbelastung f\u00fchrt.  Der Verdienst dieser ist gering, gleichzeitig die Abh\u00e4ngigkeit von Dozierenden hoch. An vielen Hochschulen wurde die TV-STUD Kampagne ins Leben gerufen. Die SB-Stelle Organizing soll die Kampagne mit ihrer Arbeit unterst\u00fctzen und mit dem AStA verbinden. <\/p>\n<!-- \/wp:paragraph -->","_de_post_name":"organizing","_de_post_excerpt":"","_de_post_title":"Organizing","_en_post_content":"","_en_post_name":"","_en_post_excerpt":"","_en_post_title":"","_es_post_content":"","_es_post_name":"","_es_post_excerpt":"","_es_post_title":"","edit_language":"es","footnotes":""},"class_list":["post-8944","page","type-page","status-publish","hentry"],"_links":{"self":[{"href":"https:\/\/asta-hannover.de\/es\/wp-json\/wp\/v2\/pages\/8944","targetHints":{"allow":["GET"]}}],"collection":[{"href":"https:\/\/asta-hannover.de\/es\/wp-json\/wp\/v2\/pages"}],"about":[{"href":"https:\/\/asta-hannover.de\/es\/wp-json\/wp\/v2\/types\/page"}],"author":[{"embeddable":true,"href":"https:\/\/asta-hannover.de\/es\/wp-json\/wp\/v2\/users\/5"}],"replies":[{"embeddable":true,"href":"https:\/\/asta-hannover.de\/es\/wp-json\/wp\/v2\/comments?post=8944"}],"version-history":[{"count":2,"href":"https:\/\/asta-hannover.de\/es\/wp-json\/wp\/v2\/pages\/8944\/revisions"}],"predecessor-version":[{"id":9044,"href":"https:\/\/asta-hannover.de\/es\/wp-json\/wp\/v2\/pages\/8944\/revisions\/9044"}],"up":[{"embeddable":true,"href":"https:\/\/asta-hannover.de\/es\/wp-json\/wp\/v2\/pages\/6118"}],"wp:attachment":[{"href":"https:\/\/asta-hannover.de\/es\/wp-json\/wp\/v2\/media?parent=8944"}],"curies":[{"name":"wp","href":"https:\/\/api.w.org\/{rel}","templated":true}]}}