{"id":8943,"date":"2023-03-16T20:02:55","date_gmt":"2023-03-16T19:02:55","guid":{"rendered":"https:\/\/test.asta-hannover.de\/?page_id=8943"},"modified":"2024-04-15T18:37:04","modified_gmt":"2024-04-15T16:37:04","slug":"","status":"publish","type":"page","link":"https:\/\/asta-hannover.de\/es\/asta\/sb-stellen\/nachhaltigkeit-oekologie\/","title":{"rendered":"","raw":""},"content":{"rendered":"","protected":false,"raw":""},"excerpt":{"rendered":"","protected":false,"raw":""},"author":5,"featured_media":0,"parent":6118,"menu_order":0,"comment_status":"closed","ping_status":"closed","template":"","meta":{"_de_post_content":"<!-- wp:paragraph -->\n<p>Wir w\u00fcnschen uns eine nachhaltige Universit\u00e4t und eine nachhaltige Gesellschaft. Dabei ist uns wichtig, der Uni gegen\u00fcber eine konkrete Stelle zu haben, die ansprechbar ist und Vorhaben der Unikritisch begleitet, die dem Ziel der Nachhaltigkeit entgegenstehen. <\/p>\n<!-- \/wp:paragraph -->\n\n<!-- wp:paragraph -->\n<p>Die SB-Stelle Nachhaltigkeit &amp; \u00d6kologie veranstaltet ausserdem Bildungsveranstaltungen und praktische Aktionen wie Workshops, Flohm\u00e4rkte o.\u00e4., die bei den Studierenden ein Bewusstsein f\u00fcr einen nachhaltigen Umgang mit der Umwelt und dar\u00fcber hinaus schaffen sollen.<\/p>\n<!-- \/wp:paragraph -->","_de_post_name":"nachhaltigkeit-oekologie","_de_post_excerpt":"","_de_post_title":"Nachhaltigkeit & \u00d6kologie","_en_post_content":"","_en_post_name":"","_en_post_excerpt":"","_en_post_title":"","_es_post_content":"","_es_post_name":"","_es_post_excerpt":"","_es_post_title":"","edit_language":"es","footnotes":""},"class_list":["post-8943","page","type-page","status-publish","hentry"],"_links":{"self":[{"href":"https:\/\/asta-hannover.de\/es\/wp-json\/wp\/v2\/pages\/8943","targetHints":{"allow":["GET"]}}],"collection":[{"href":"https:\/\/asta-hannover.de\/es\/wp-json\/wp\/v2\/pages"}],"about":[{"href":"https:\/\/asta-hannover.de\/es\/wp-json\/wp\/v2\/types\/page"}],"author":[{"embeddable":true,"href":"https:\/\/asta-hannover.de\/es\/wp-json\/wp\/v2\/users\/5"}],"replies":[{"embeddable":true,"href":"https:\/\/asta-hannover.de\/es\/wp-json\/wp\/v2\/comments?post=8943"}],"version-history":[{"count":2,"href":"https:\/\/asta-hannover.de\/es\/wp-json\/wp\/v2\/pages\/8943\/revisions"}],"predecessor-version":[{"id":9265,"href":"https:\/\/asta-hannover.de\/es\/wp-json\/wp\/v2\/pages\/8943\/revisions\/9265"}],"up":[{"embeddable":true,"href":"https:\/\/asta-hannover.de\/es\/wp-json\/wp\/v2\/pages\/6118"}],"wp:attachment":[{"href":"https:\/\/asta-hannover.de\/es\/wp-json\/wp\/v2\/media?parent=8943"}],"curies":[{"name":"wp","href":"https:\/\/api.w.org\/{rel}","templated":true}]}}