{"id":8940,"date":"2023-03-16T20:01:55","date_gmt":"2023-03-16T19:01:55","guid":{"rendered":"https:\/\/test.asta-hannover.de\/?page_id=8940"},"modified":"2024-11-07T14:57:11","modified_gmt":"2024-11-07T13:57:11","slug":"","status":"publish","type":"page","link":"https:\/\/asta-hannover.de\/es\/asta\/sb-stellen\/geschaeftszimmerdienst\/","title":{"rendered":"","raw":""},"content":{"rendered":"","protected":false,"raw":""},"excerpt":{"rendered":"","protected":false,"raw":""},"author":5,"featured_media":0,"parent":6118,"menu_order":0,"comment_status":"closed","ping_status":"closed","template":"","meta":{"_de_post_content":"<!-- wp:paragraph {\"fontSize\":\"medium\"} -->\n<p class=\"has-medium-font-size\">Der Gesch\u00e4ftszimmerdienst (GZD) ist die erste Anlaufstelle im AStA. <\/p>\n<!-- \/wp:paragraph -->\n\n<!-- wp:paragraph {\"fontSize\":\"medium\"} -->\n<p class=\"has-medium-font-size\">Zu dem Aufgabenbereich der Sachbearbeiter*innen im GZD z\u00e4hlen Telefonate und E-Mails anzunehmen und weiterzuleiten, erste Fragen zu Beratungsangeboten zu kl\u00e4ren sowie allgemeine B\u00fcrot\u00e4tigkeiten auszuf\u00fchren. Dazu geh\u00f6ren Bearbeitung der Post, Raumbuchungen, die Betreuung der Ausleihe oder die Beantwortung von E-Mails und Rauminstandhaltung. Weiterhin durchsuchen sie verschiedene Tageszeitungen nach hochschulrelevanten Themen und erstellen Pressespiegel. <\/p>\n<!-- \/wp:paragraph -->\n\n<!-- wp:paragraph {\"fontSize\":\"medium\"} -->\n<p class=\"has-medium-font-size\">\u00d6ffnungszeiten GZD: <\/p>\n<!-- \/wp:paragraph -->\n\n<!-- wp:paragraph -->\n<p>Montag: 10-14 Uhr<\/p>\n<!-- \/wp:paragraph -->\n\n<!-- wp:paragraph -->\n<p>Dienstag: 12-16 Uhr<\/p>\n<!-- \/wp:paragraph -->\n\n<!-- wp:paragraph -->\n<p>Mittwoch: 12-16 Uhr<\/p>\n<!-- \/wp:paragraph -->\n\n<!-- wp:paragraph -->\n<p>Donnerstag: 10-18 Uhr<\/p>\n<!-- \/wp:paragraph -->","_de_post_name":"geschaeftszimmerdienst","_de_post_excerpt":"","_de_post_title":"Gesch\u00e4ftszimmerdienst","_en_post_content":"","_en_post_name":"","_en_post_excerpt":"","_en_post_title":"","_es_post_content":"","_es_post_name":"","_es_post_excerpt":"","_es_post_title":"","edit_language":"es","footnotes":""},"class_list":["post-8940","page","type-page","status-publish","hentry"],"_links":{"self":[{"href":"https:\/\/asta-hannover.de\/es\/wp-json\/wp\/v2\/pages\/8940","targetHints":{"allow":["GET"]}}],"collection":[{"href":"https:\/\/asta-hannover.de\/es\/wp-json\/wp\/v2\/pages"}],"about":[{"href":"https:\/\/asta-hannover.de\/es\/wp-json\/wp\/v2\/types\/page"}],"author":[{"embeddable":true,"href":"https:\/\/asta-hannover.de\/es\/wp-json\/wp\/v2\/users\/5"}],"replies":[{"embeddable":true,"href":"https:\/\/asta-hannover.de\/es\/wp-json\/wp\/v2\/comments?post=8940"}],"version-history":[{"count":3,"href":"https:\/\/asta-hannover.de\/es\/wp-json\/wp\/v2\/pages\/8940\/revisions"}],"predecessor-version":[{"id":9370,"href":"https:\/\/asta-hannover.de\/es\/wp-json\/wp\/v2\/pages\/8940\/revisions\/9370"}],"up":[{"embeddable":true,"href":"https:\/\/asta-hannover.de\/es\/wp-json\/wp\/v2\/pages\/6118"}],"wp:attachment":[{"href":"https:\/\/asta-hannover.de\/es\/wp-json\/wp\/v2\/media?parent=8940"}],"curies":[{"name":"wp","href":"https:\/\/api.w.org\/{rel}","templated":true}]}}