{"id":8903,"date":"2023-03-16T17:38:39","date_gmt":"2023-03-16T16:38:39","guid":{"rendered":"https:\/\/test.asta-hannover.de\/?page_id=8903"},"modified":"2023-03-16T18:22:40","modified_gmt":"2023-03-16T17:22:40","slug":"","status":"publish","type":"page","link":"https:\/\/asta-hannover.de\/es\/uni_sex-hochschultage\/","title":{"rendered":"","raw":""},"content":{"rendered":"","protected":false,"raw":""},"excerpt":{"rendered":"","protected":false,"raw":""},"author":5,"featured_media":0,"parent":0,"menu_order":0,"comment_status":"closed","ping_status":"closed","template":"","meta":{"_de_post_content":"<!-- wp:paragraph -->\n<p>Die uni_sex Hochschultage sind eine seit 2012 j\u00e4hrlich stattfindende Veranstaltungsreihe des AStA, die sich mit verschiedenen Themen wie z.B. Sexismus, Trans-, Inter- und Homophobie besch\u00e4ftigt, aber auch andere Aspekte sexueller und geschlechtlicher Identit\u00e4t beleuchten m\u00f6chte.<\/p>\n<!-- \/wp:paragraph -->\n\n<!-- wp:paragraph -->\n<p>Trotz vermeintlicher Gleichberechtigung und vorherrschender Toleranz leben wir nach wie vor in einer Gesellschaft, die gepr\u00e4gt ist von m\u00e4nnlicher Hegemonie. Die Vorstellung von einer bin\u00e4ren Geschlechterordnung und Heteronormativit\u00e4t dominieren und gestalten unsere Geschlechterrepr\u00e4sentanz und -wahrnehmung auf institutioneller, kollektiver und individueller Ebene.<\/p>\n<!-- \/wp:paragraph -->\n\n<!-- wp:paragraph -->\n<p>Die uni_sex Hochschultage werden von den Sachbearbeiter_innenstellen f\u00fcr Frauen- und Geschlechterpolitik und Queerpolitik des AStA ausgerichtet. Das Programm soll Studierenden die M\u00f6glichkeit geben, sich mit den verschiedenen Bereichen innerhalb dieses Themenkomplexes auseinanderzusetzen, unabh\u00e4ngig davon, ob sie sich mit den Inhalten schon besch\u00e4ftigt haben oder neu in dem Thema sind.<\/p>\n<!-- \/wp:paragraph -->\n\n<!-- wp:paragraph -->\n<p>Besonders unter dem Aspekt der Abschaffung der Gender Studies an unserer Universit\u00e4t m\u00f6chten wir mit unserer Veranstaltungsreihe diesen Raum bieten.<\/p>\n<!-- \/wp:paragraph -->\n\n<!-- wp:paragraph -->\n<p>Um das uns umgebende hetero-patriarchale System und dessen Einfl\u00fcsse auf die Kategorie \u201eGeschlecht\u201c gemeinsam zu reflektieren und diskutieren, laden wir euch ein vorbeizukommen und mitzureden. <\/p>\n<!-- \/wp:paragraph -->\n\n<!-- wp:custom-related-posts\/related-posts {\"title\":\"Vergangene Veranstaltungen\"} \/-->","_de_post_name":"uni_sex-hochschultage","_de_post_excerpt":"","_de_post_title":"uni_sex Hochschultage","_en_post_content":"","_en_post_name":"","_en_post_excerpt":"","_en_post_title":"","_es_post_content":"","_es_post_name":"","_es_post_excerpt":"","_es_post_title":"","edit_language":"es","footnotes":""},"class_list":["post-8903","page","type-page","status-publish","hentry"],"_links":{"self":[{"href":"https:\/\/asta-hannover.de\/es\/wp-json\/wp\/v2\/pages\/8903","targetHints":{"allow":["GET"]}}],"collection":[{"href":"https:\/\/asta-hannover.de\/es\/wp-json\/wp\/v2\/pages"}],"about":[{"href":"https:\/\/asta-hannover.de\/es\/wp-json\/wp\/v2\/types\/page"}],"author":[{"embeddable":true,"href":"https:\/\/asta-hannover.de\/es\/wp-json\/wp\/v2\/users\/5"}],"replies":[{"embeddable":true,"href":"https:\/\/asta-hannover.de\/es\/wp-json\/wp\/v2\/comments?post=8903"}],"version-history":[{"count":2,"href":"https:\/\/asta-hannover.de\/es\/wp-json\/wp\/v2\/pages\/8903\/revisions"}],"predecessor-version":[{"id":8908,"href":"https:\/\/asta-hannover.de\/es\/wp-json\/wp\/v2\/pages\/8903\/revisions\/8908"}],"wp:attachment":[{"href":"https:\/\/asta-hannover.de\/es\/wp-json\/wp\/v2\/media?parent=8903"}],"curies":[{"name":"wp","href":"https:\/\/api.w.org\/{rel}","templated":true}]}}