{"id":8874,"date":"2023-03-15T22:37:12","date_gmt":"2023-03-15T21:37:12","guid":{"rendered":"https:\/\/test.asta-hannover.de\/?page_id=8874"},"modified":"2024-06-11T13:30:46","modified_gmt":"2024-06-11T11:30:46","slug":"","status":"publish","type":"page","link":"https:\/\/asta-hannover.de\/es\/asta\/asta-referate\/presse-und-oeffentlichkeit\/","title":{"rendered":"","raw":""},"content":{"rendered":"","protected":false,"raw":""},"excerpt":{"rendered":"","protected":false,"raw":""},"author":5,"featured_media":0,"parent":8644,"menu_order":0,"comment_status":"closed","ping_status":"closed","template":"","meta":{"_de_post_content":"<!-- wp:paragraph -->\n<p>Das Referat ist die Kommunikationsschnittstelle der Verfassten Studierendenschaft und daf\u00fcr verantwortlich, deren (hochschul-)politischen Positionen und Probleme an die \u00d6ffentlichkeit zu tragen. Es ist ferner f\u00fcr die Herausgabe der On- und Offlinepublikationen des AStA zust\u00e4ndig und verwaltet die Online-Auftritte, den Webspace etc.<\/p>\n<!-- \/wp:paragraph -->\n\n<!-- wp:paragraph -->\n<p>Zu den Aufgaben z\u00e4hlen neben dem&nbsp;Erstellen von Texten, redaktioneller Arbeit und der Administration der verschiedenen Online-Auftritte, die \u00dcberarbeitung und Koordination von Druckerzeugnissen wie dem AStA&nbsp;Info-Buch oder dem \u201eOrgASt\u201c-Taschenkalender. Dar\u00fcber hinaus hat das Referat die Aufgabe Autor*innen f\u00fcr die diversen Publikationen zu suchen, gemeinsam Inhalte zu konzipieren und k\u00fcmmert sich mit externer Hilfe um das Layout und den Druck. Zudem schreibt der\/die Referent*in regelm\u00e4\u00dfig Pressemitteilungen zu hochschulrelevanten Themen und reagiert auf das tagespolitische Geschehen. Das Referat unterh\u00e4lt das Netzwerk zur Presselandschaft und steht deren Vertreter*innen als Ansprechperson zur Verf\u00fcgung.<\/p>\n<!-- \/wp:paragraph -->\n\n<!-- wp:paragraph -->\n<p><a href=\"https:\/\/asta-hannover.de\/asta\/pressemitteilungen\/\" data-type=\"page\" data-id=\"270\"><strong>Pressemitteilungen des AStA<\/strong><\/a><\/p>\n<!-- \/wp:paragraph -->\n\n<!-- wp:heading {\"level\":3} -->\n<h3 class=\"wp-block-heading\">Kontakt<\/h3>\n<!-- \/wp:heading -->\n\n<!-- wp:group {\"layout\":{\"type\":\"flex\",\"orientation\":\"vertical\",\"justifyContent\":\"left\"}} -->\n<div class=\"wp-block-group\"><!-- wp:paragraph -->\n<p><strong>mail:<\/strong> presse [at] asta-hannover.de<\/p>\n<!-- \/wp:paragraph -->\n\n<!-- wp:paragraph -->\n<p><strong>phone:<\/strong> 0511 \u2013 762 5061 <\/p>\n<!-- \/wp:paragraph -->\n\n<!-- wp:buttons {\"layout\":{\"type\":\"flex\",\"justifyContent\":\"center\"}} -->\n<div class=\"wp-block-buttons\"><!-- wp:button {\"className\":\"is-style-fill\"} -->\n<div class=\"wp-block-button is-style-fill\"><a class=\"wp-block-button__link wp-element-button\" href=\"https:\/\/asta-hannover.de\/kontakt\/sprechstunden\/\" rel=\"\/sprechzeiten\">Sprechzeiten<\/a><\/div>\n<!-- \/wp:button --><\/div>\n<!-- \/wp:buttons --><\/div>\n<!-- \/wp:group -->","_de_post_name":"presse-und-oeffentlichkeit","_de_post_excerpt":"","_de_post_title":"Referat f\u00fcr Presse und \u00d6ffentlichkeit","_en_post_content":"<!-- wp:paragraph -->\n<p>The department for press and public relations is the 'mouth' of the student body and responsible for communicating its political positions and problems to the public. <\/p>\n<!-- \/wp:paragraph -->\n\n<!-- wp:paragraph -->\n<p>In addition to the creation of texts, editorial work and the administration of the various online presences, its tasks include the revision and coordination of printed products such as the AStA Info Book or the \"OrgASt\" pocket calendar. In addition, the department has the task of finding authors for the various publications, jointly designing content and taking care of the layout and printing with external help. In addition, the speaker regularly writes press releases on topics relevant to the university and reacts to daily political events. The department maintains the network to the press landscape and is available to their representatives as a contact person.<\/p>\n<!-- \/wp:paragraph -->\n\n<!-- wp:paragraph -->\n<p><strong><a href=\"https:\/\/asta-hannover.de\/asta\/pressemitteilungen\/\" data-type=\"page\" data-id=\"270\">Press Releases of the AStA<\/a><\/strong><\/p>\n<!-- \/wp:paragraph -->\n\n<!-- wp:heading {\"level\":3} -->\n<h3 class=\"wp-block-heading\">Contact<\/h3>\n<!-- \/wp:heading -->\n\n<!-- wp:group {\"layout\":{\"type\":\"flex\",\"orientation\":\"vertical\",\"justifyContent\":\"left\"}} -->\n<div class=\"wp-block-group\"><!-- wp:paragraph -->\n<p><strong>mail:<\/strong> presse [at] asta-hannover.de<\/p>\n<!-- \/wp:paragraph -->\n\n<!-- wp:paragraph -->\n<p><strong>phone:<\/strong> 0511 \u2013 762 5061 <\/p>\n<!-- \/wp:paragraph -->\n\n<!-- wp:buttons {\"layout\":{\"type\":\"flex\",\"justifyContent\":\"center\"}} -->\n<div class=\"wp-block-buttons\"><!-- wp:button {\"className\":\"is-style-fill\"} -->\n<div class=\"wp-block-button is-style-fill\"><a class=\"wp-block-button__link wp-element-button\" href=\"https:\/\/asta-hannover.de\/kontakt\/sprechstunden\/\" rel=\"\/sprechzeiten\">Office Hours<\/a><\/div>\n<!-- \/wp:button --><\/div>\n<!-- \/wp:buttons --><\/div>\n<!-- \/wp:group -->","_en_post_name":"","_en_post_excerpt":"","_en_post_title":"Department for Press and Public Relations","_es_post_content":"","_es_post_name":"","_es_post_excerpt":"","_es_post_title":"","edit_language":"es","footnotes":""},"class_list":["post-8874","page","type-page","status-publish","hentry"],"_links":{"self":[{"href":"https:\/\/asta-hannover.de\/es\/wp-json\/wp\/v2\/pages\/8874","targetHints":{"allow":["GET"]}}],"collection":[{"href":"https:\/\/asta-hannover.de\/es\/wp-json\/wp\/v2\/pages"}],"about":[{"href":"https:\/\/asta-hannover.de\/es\/wp-json\/wp\/v2\/types\/page"}],"author":[{"embeddable":true,"href":"https:\/\/asta-hannover.de\/es\/wp-json\/wp\/v2\/users\/5"}],"replies":[{"embeddable":true,"href":"https:\/\/asta-hannover.de\/es\/wp-json\/wp\/v2\/comments?post=8874"}],"version-history":[{"count":5,"href":"https:\/\/asta-hannover.de\/es\/wp-json\/wp\/v2\/pages\/8874\/revisions"}],"predecessor-version":[{"id":9297,"href":"https:\/\/asta-hannover.de\/es\/wp-json\/wp\/v2\/pages\/8874\/revisions\/9297"}],"up":[{"embeddable":true,"href":"https:\/\/asta-hannover.de\/es\/wp-json\/wp\/v2\/pages\/8644"}],"wp:attachment":[{"href":"https:\/\/asta-hannover.de\/es\/wp-json\/wp\/v2\/media?parent=8874"}],"curies":[{"name":"wp","href":"https:\/\/api.w.org\/{rel}","templated":true}]}}