{"id":8869,"date":"2023-03-15T22:27:22","date_gmt":"2023-03-15T21:27:22","guid":{"rendered":"https:\/\/test.asta-hannover.de\/?page_id=8869"},"modified":"2024-06-11T13:34:06","modified_gmt":"2024-06-11T11:34:06","slug":"","status":"publish","type":"page","link":"https:\/\/asta-hannover.de\/es\/asta\/asta-referate\/internationales\/","title":{"rendered":"","raw":""},"content":{"rendered":"","protected":false,"raw":""},"excerpt":{"rendered":"","protected":false,"raw":""},"author":5,"featured_media":0,"parent":8644,"menu_order":0,"comment_status":"closed","ping_status":"closed","template":"","meta":{"_de_post_content":"<!-- wp:paragraph -->\n<p>Neben der Ausl\u00e4nder*innen-Kommission, die das Organ internationaler Studierender in der studentischen Selbstverwaltung darstellt, unterh\u00e4lt der AStA seit ein paar Legislaturen wieder ein eigenes Referat, das sich mit den Bed\u00fcrfnissen dieser Statusgruppe auseinandersetzt. Das Referat f\u00fcr Internationales ist das selbstorganisierte, studentische Gegenst\u00fcck zum offiziellen Hochschulb\u00fcro f\u00fcr Internationales der Universit\u00e4t.<\/p>\n<!-- \/wp:paragraph -->\n\n<!-- wp:paragraph -->\n<p>Besonderes Anliegen ist uns das Heranf\u00fchren ausl\u00e4ndischer Studierender an den universit\u00e4ren Alltag. Dazu geh\u00f6ren eine bessere Kommunikation, sowie die F\u00f6rderung des Miteinanders, von Begegnungen und gegenseitiger Akzeptanz aller Studierender (besonders zwischen jenen mit oder ohne deutschen Pass). Aber auch, ausl\u00e4ndische Studierende zur Arbeit in Fachschaften, Gremien oder generell der Hochschulpolitik zu begeistern.<\/p>\n<!-- \/wp:paragraph -->\n\n<!-- wp:heading {\"level\":3} -->\n<h3 class=\"wp-block-heading\">Kontakt<\/h3>\n<!-- \/wp:heading -->\n\n<!-- wp:group {\"layout\":{\"type\":\"flex\",\"orientation\":\"vertical\",\"justifyContent\":\"left\"}} -->\n<div class=\"wp-block-group\"><!-- wp:paragraph -->\n<p><strong>mail:<\/strong> international [at] asta-hannover.de<\/p>\n<!-- \/wp:paragraph -->\n\n<!-- wp:paragraph -->\n<p><strong>phone:<\/strong> 0511 \u2013 762 5061 <\/p>\n<!-- \/wp:paragraph -->\n\n<!-- wp:buttons {\"layout\":{\"type\":\"flex\",\"justifyContent\":\"center\"}} -->\n<div class=\"wp-block-buttons\"><!-- wp:button {\"className\":\"is-style-fill\"} -->\n<div class=\"wp-block-button is-style-fill\"><a class=\"wp-block-button__link wp-element-button\" href=\"https:\/\/asta-hannover.de\/kontakt\/sprechstunden\/\" rel=\"\/sprechzeiten\">Sprechzeiten<\/a><\/div>\n<!-- \/wp:button --><\/div>\n<!-- \/wp:buttons --><\/div>\n<!-- \/wp:group -->","_de_post_name":"internationales","_de_post_excerpt":"","_de_post_title":"Referat f\u00fcr Internationales","_en_post_content":"<!-- wp:paragraph -->\n<p>In addition to the Commission for Foreigners, which is the organ of international students in the student self-administration, the AStA has again maintained its own department for a few legislatures, which deals with the needs of this status group. The department for international affairs is the self-organized, student counterpart to the official university office for international affairs.<\/p>\n<!-- \/wp:paragraph -->\n\n<!-- wp:paragraph -->\n<p>We are particularly concerned with introducing foreign students to everyday life at the university. This includes better communication, as well as promoting togetherness, encounters and mutual acceptance among all students (especially between those with or without German passports). But also to inspire foreign students to work in student councils, committees or generally in university politics.<\/p>\n<!-- \/wp:paragraph -->\n\n<!-- wp:group {\"layout\":{\"type\":\"flex\",\"orientation\":\"vertical\",\"justifyContent\":\"left\"}} -->\n<div class=\"wp-block-group\"><!-- wp:heading {\"level\":3} -->\n<h3 class=\"wp-block-heading\">Contact<\/h3>\n<!-- \/wp:heading -->\n\n<!-- wp:paragraph -->\n<p><strong>mail:<\/strong> international [at] asta-hannover.de<\/p>\n<!-- \/wp:paragraph -->\n\n<!-- wp:paragraph -->\n<p><strong>phone:<\/strong> 0511 \u2013 762 5061 <\/p>\n<!-- \/wp:paragraph -->\n\n<!-- wp:buttons {\"layout\":{\"type\":\"flex\",\"justifyContent\":\"center\"}} -->\n<div class=\"wp-block-buttons\"><!-- wp:button {\"className\":\"is-style-fill\"} -->\n<div class=\"wp-block-button is-style-fill\"><a class=\"wp-block-button__link wp-element-button\" href=\"https:\/\/asta-hannover.de\/kontakt\/sprechstunden\/\" rel=\"\/sprechzeiten\">Office Hours<\/a><\/div>\n<!-- \/wp:button --><\/div>\n<!-- \/wp:buttons --><\/div>\n<!-- \/wp:group -->","_en_post_name":"","_en_post_excerpt":"","_en_post_title":"Department of International Affairs","_es_post_content":"","_es_post_name":"","_es_post_excerpt":"","_es_post_title":"","edit_language":"es","footnotes":""},"class_list":["post-8869","page","type-page","status-publish","hentry"],"_links":{"self":[{"href":"https:\/\/asta-hannover.de\/es\/wp-json\/wp\/v2\/pages\/8869","targetHints":{"allow":["GET"]}}],"collection":[{"href":"https:\/\/asta-hannover.de\/es\/wp-json\/wp\/v2\/pages"}],"about":[{"href":"https:\/\/asta-hannover.de\/es\/wp-json\/wp\/v2\/types\/page"}],"author":[{"embeddable":true,"href":"https:\/\/asta-hannover.de\/es\/wp-json\/wp\/v2\/users\/5"}],"replies":[{"embeddable":true,"href":"https:\/\/asta-hannover.de\/es\/wp-json\/wp\/v2\/comments?post=8869"}],"version-history":[{"count":4,"href":"https:\/\/asta-hannover.de\/es\/wp-json\/wp\/v2\/pages\/8869\/revisions"}],"predecessor-version":[{"id":9296,"href":"https:\/\/asta-hannover.de\/es\/wp-json\/wp\/v2\/pages\/8869\/revisions\/9296"}],"up":[{"embeddable":true,"href":"https:\/\/asta-hannover.de\/es\/wp-json\/wp\/v2\/pages\/8644"}],"wp:attachment":[{"href":"https:\/\/asta-hannover.de\/es\/wp-json\/wp\/v2\/media?parent=8869"}],"curies":[{"name":"wp","href":"https:\/\/api.w.org\/{rel}","templated":true}]}}