{"id":8646,"date":"2022-10-18T15:53:39","date_gmt":"2022-10-18T13:53:39","guid":{"rendered":"https:\/\/test.asta-hannover.de\/?page_id=8646"},"modified":"2024-06-11T13:33:58","modified_gmt":"2024-06-11T11:33:58","slug":"","status":"publish","type":"page","link":"https:\/\/asta-hannover.de\/es\/asta\/asta-referate\/kasse\/","title":{"rendered":"","raw":""},"content":{"rendered":"","protected":false,"raw":""},"excerpt":{"rendered":"","protected":false,"raw":""},"author":5,"featured_media":0,"parent":8644,"menu_order":0,"comment_status":"closed","ping_status":"closed","template":"","meta":{"_de_post_content":"<!-- wp:paragraph -->\n<p>Die Kasse ist die Zahlstelle der Verfassten Studierendenschaft. Hier wird der komplette Zahlungsverkehr der Studierendenschaft an der Leibniz Universit\u00e4t Hannover abgewickelt.<\/p>\n<!-- \/wp:paragraph -->\n\n<!-- wp:paragraph -->\n<p>Zu den Aufgaben des Referats Kasse z\u00e4hlen Auszahlungen bzw. \u00dcberweisungen von Geldern, beispielsweise wie die AStA- Darlehen, R\u00fcckerstattungsbeitr\u00e4ge des Semestertickets,&nbsp; bewilligte Finanzantr\u00e4ge, Fachschaftsgelder, sowie jegliche Rechnungen des AStA. Au\u00dferdem werden AWEs (Aufwandsentsch\u00e4digungen) f\u00fcr die Referent_innen, SB-Stellen sowie Senator_innen monatlich ausgezahlt.<\/p>\n<!-- \/wp:paragraph -->\n\n<!-- wp:heading {\"level\":3} -->\n<h3 class=\"wp-block-heading\">Kontakt<\/h3>\n<!-- \/wp:heading -->\n\n<!-- wp:group {\"layout\":{\"type\":\"flex\",\"orientation\":\"vertical\",\"justifyContent\":\"left\"}} -->\n<div class=\"wp-block-group\"><!-- wp:paragraph -->\n<p><strong>mail:<\/strong> kasse [at] asta-hannover.de<\/p>\n<!-- \/wp:paragraph -->\n\n<!-- wp:paragraph -->\n<p><strong>phone:<\/strong> 0511 \u2013 762 5061 <\/p>\n<!-- \/wp:paragraph -->\n\n<!-- wp:buttons {\"layout\":{\"type\":\"flex\",\"justifyContent\":\"center\"}} -->\n<div class=\"wp-block-buttons\"><!-- wp:button {\"className\":\"is-style-fill\"} -->\n<div class=\"wp-block-button is-style-fill\"><a class=\"wp-block-button__link wp-element-button\" href=\"https:\/\/asta-hannover.de\/kontakt\/sprechstunden\/\" rel=\"\/sprechzeiten\">Sprechzeiten<\/a><\/div>\n<!-- \/wp:button --><\/div>\n<!-- \/wp:buttons --><\/div>\n<!-- \/wp:group -->","_de_post_name":"kasse","_de_post_excerpt":"Zahlstelle der Verfassten Studierendenschaft","_de_post_title":"Kasse","_en_post_content":"<!-- wp:paragraph -->\n<p>The cashier's office is the heart of the student body's finances. This is where all payment transactions for the student body at Leibniz Universit\u00e4t Hannover are processed.<\/p>\n<!-- \/wp:paragraph -->\n\n<!-- wp:paragraph -->\n<p>The tasks of the cash office include payments or transfers of funds, for example AStA loans, reimbursement contributions for the semester ticket, approved financial applications, student council funds, as well as any invoices from the AStA. In addition, AWEs (expense allowances) for the speakers, clerks and senators are paid monthly.<\/p>\n<!-- \/wp:paragraph -->\n\n<!-- wp:heading {\"level\":3} -->\n<h3 class=\"wp-block-heading\">Contact<\/h3>\n<!-- \/wp:heading -->\n\n<!-- wp:group {\"layout\":{\"type\":\"flex\",\"orientation\":\"vertical\",\"justifyContent\":\"left\"}} -->\n<div class=\"wp-block-group\"><!-- wp:paragraph -->\n<p><strong>mail:<\/strong> kasse [at] asta-hannover.de<\/p>\n<!-- \/wp:paragraph -->\n\n<!-- wp:paragraph -->\n<p><strong>phone:<\/strong> 0511 \u2013 762 5061 <\/p>\n<!-- \/wp:paragraph -->\n\n<!-- wp:buttons {\"layout\":{\"type\":\"flex\",\"justifyContent\":\"center\"}} -->\n<div class=\"wp-block-buttons\"><!-- wp:button {\"className\":\"is-style-fill\"} -->\n<div class=\"wp-block-button is-style-fill\"><a class=\"wp-block-button__link wp-element-button\" href=\"https:\/\/asta-hannover.de\/kontakt\/sprechstunden\/\" rel=\"\/sprechzeiten\">Office Hours<\/a><\/div>\n<!-- \/wp:button --><\/div>\n<!-- \/wp:buttons --><\/div>\n<!-- \/wp:group -->","_en_post_name":"","_en_post_excerpt":"","_en_post_title":"Cashier's Office","_es_post_content":"","_es_post_name":"","_es_post_excerpt":"","_es_post_title":"","edit_language":"es","footnotes":""},"class_list":["post-8646","page","type-page","status-publish","hentry"],"_links":{"self":[{"href":"https:\/\/asta-hannover.de\/es\/wp-json\/wp\/v2\/pages\/8646","targetHints":{"allow":["GET"]}}],"collection":[{"href":"https:\/\/asta-hannover.de\/es\/wp-json\/wp\/v2\/pages"}],"about":[{"href":"https:\/\/asta-hannover.de\/es\/wp-json\/wp\/v2\/types\/page"}],"author":[{"embeddable":true,"href":"https:\/\/asta-hannover.de\/es\/wp-json\/wp\/v2\/users\/5"}],"replies":[{"embeddable":true,"href":"https:\/\/asta-hannover.de\/es\/wp-json\/wp\/v2\/comments?post=8646"}],"version-history":[{"count":5,"href":"https:\/\/asta-hannover.de\/es\/wp-json\/wp\/v2\/pages\/8646\/revisions"}],"predecessor-version":[{"id":9302,"href":"https:\/\/asta-hannover.de\/es\/wp-json\/wp\/v2\/pages\/8646\/revisions\/9302"}],"up":[{"embeddable":true,"href":"https:\/\/asta-hannover.de\/es\/wp-json\/wp\/v2\/pages\/8644"}],"wp:attachment":[{"href":"https:\/\/asta-hannover.de\/es\/wp-json\/wp\/v2\/media?parent=8646"}],"curies":[{"name":"wp","href":"https:\/\/api.w.org\/{rel}","templated":true}]}}