{"id":7950,"date":"2022-08-08T12:54:14","date_gmt":"2022-08-08T10:54:14","guid":{"rendered":"https:\/\/www.asta-hannover.de\/?page_id=7950"},"modified":"2024-10-14T14:05:11","modified_gmt":"2024-10-14T12:05:11","slug":"","status":"publish","type":"page","link":"https:\/\/asta-hannover.de\/es\/asta\/sb-stellen\/admission\/","title":{"rendered":"","raw":""},"content":{"rendered":"","protected":false,"raw":""},"excerpt":{"rendered":"","protected":false,"raw":""},"author":5,"featured_media":0,"parent":6118,"menu_order":0,"comment_status":"closed","ping_status":"closed","template":"","meta":{"_de_post_content":"<!-- wp:paragraph -->\n<p>In der Admission-Stelle arbeiten wir in enger Kooperation mit den bereits bestehenden Beratungsangeboten des AStA sowie der Ausl\u00e4nder*innenkommission f\u00fcr die Belange der sogenannten \u201eBildungsausl\u00e4nder*innen\u201c einzutreten. Also der Statusgruppe von internationalen Studierenden, die nicht aus EU-Mitgliedsstaaten stammen. Der Anteil dieser Studierenden an der LUH betr\u00e4gt derzeit ca. 13 %. Dabei soll es vor allem darum gehen, diese Studierenden bei ihrem Studium an der Leibniz Universit\u00e4t aktiv zu unterst\u00fctzen und ihnen einen Zugang zur Hochschulpolitik zu erm\u00f6glichen. <\/p>\n<!-- \/wp:paragraph -->\n\n<!-- wp:paragraph -->\n<p>Der universit\u00e4re Alltag von Studierenden ohne deutsche Staatsb\u00fcrgerschaft bringt vielf\u00e4ltige Probleme mit sich. Vor allem Studierende der englischsprachigen Masterstudieng\u00e4nge haben oft mit Sprachbarrieren zu k\u00e4mpfen. Auch strukturelle H\u00fcrden wie die regelm\u00e4\u00dfige Erneuerung von Aufenthaltstiteln sind zu beachten. Oft ger\u00e4t gerade diese Statusgruppe in finanzielle N\u00f6te, da sie nicht berechtigt ist, in Deutschland BAf\u00f6G zu beziehen. Internationale Studierende sind h\u00e4ufig von Rassismus betroffen: ob bei Beh\u00f6rdeng\u00e4ngen, beim Diskothekenbesuch, in den Seminaren oder im Alltag auf der Stra\u00dfe. In Zusammenarbeit mit dem Referat f\u00fcr Internationales soll hier in Einzelf\u00e4llen unterst\u00fctzt und \u00fcber die Situation aufgekl\u00e4rt werden.<\/p>\n<!-- \/wp:paragraph -->\n\n<!-- wp:paragraph -->\n<p><\/p>\n<!-- \/wp:paragraph -->\n\n<!-- wp:heading {\"level\":3} -->\n<h3 class=\"wp-block-heading\"><strong>Kontakt<\/strong><\/h3>\n<!-- \/wp:heading -->\n\n<!-- wp:paragraph -->\n<p>E-mail: <a title=\"Click to mail admission@asta-hannover.de\" href=\"mailto:admission@asta-hannover.de\">admission@asta-hannover.de<\/a><\/p>\n<!-- \/wp:paragraph -->\n\n<!-- wp:paragraph -->\n<p>Sprechstunde nach Absprache<\/p>\n<!-- \/wp:paragraph -->\n\n<!-- wp:paragraph -->\n<p><\/p>\n<!-- \/wp:paragraph -->","_de_post_name":"admission","_de_post_excerpt":"","_de_post_title":"Admission","_en_post_content":"<!-- wp:paragraph -->\n<p>In the Admission Office, we work in close cooperation with the existing counselling services of the AStA and the Foreigners' Commission to represent the interests of so-called \"Bildungsausl\u00e4nder*innen\". In other words, the status group of international students who do not come from EU member states. The proportion of these students at LUH is currently around 13%. The main aim is to actively support these students in their studies at Leibniz University and to give them access to university politics.<\/p>\n<!-- \/wp:paragraph -->\n\n<!-- wp:paragraph -->\n<p>The everyday university life of students without German citizenship brings with it a variety of problems. Students on English-language Master's programmes in particular often have to contend with language barriers. Structural hurdles such as the regular renewal of residence permits must also be taken into account. This status group in particular often faces financial difficulties as they are not entitled to receive BAf\u00f6G in Germany. International students are often affected by racism: whether when dealing with the authorities, going to the discotheque, in seminars or in everyday life on the street. In cooperation with the AStA Department of International Affairs, support is provided in individual cases and the situation is explained.<\/p>\n<!-- \/wp:paragraph -->\n\n<!-- wp:heading {\"level\":3} -->\n<h3 class=\"wp-block-heading\"><strong>Contact<\/strong><\/h3>\n<!-- \/wp:heading -->\n\n<!-- wp:paragraph -->\n<p>E-mail: <a href=\"mailto:admission@asta-hannover.de\">admission<\/a>@asta-hannover.de<\/p>\n<!-- \/wp:paragraph -->\n\n<!-- wp:paragraph -->\n<p>Office hours by appointment<\/p>\n<!-- \/wp:paragraph -->","_en_post_name":"","_en_post_excerpt":"","_en_post_title":"Admission","_es_post_content":"","_es_post_name":"","_es_post_excerpt":"","_es_post_title":"","edit_language":"es","footnotes":""},"class_list":["post-7950","page","type-page","status-publish","hentry"],"_links":{"self":[{"href":"https:\/\/asta-hannover.de\/es\/wp-json\/wp\/v2\/pages\/7950","targetHints":{"allow":["GET"]}}],"collection":[{"href":"https:\/\/asta-hannover.de\/es\/wp-json\/wp\/v2\/pages"}],"about":[{"href":"https:\/\/asta-hannover.de\/es\/wp-json\/wp\/v2\/types\/page"}],"author":[{"embeddable":true,"href":"https:\/\/asta-hannover.de\/es\/wp-json\/wp\/v2\/users\/5"}],"replies":[{"embeddable":true,"href":"https:\/\/asta-hannover.de\/es\/wp-json\/wp\/v2\/comments?post=7950"}],"version-history":[{"count":7,"href":"https:\/\/asta-hannover.de\/es\/wp-json\/wp\/v2\/pages\/7950\/revisions"}],"predecessor-version":[{"id":9328,"href":"https:\/\/asta-hannover.de\/es\/wp-json\/wp\/v2\/pages\/7950\/revisions\/9328"}],"up":[{"embeddable":true,"href":"https:\/\/asta-hannover.de\/es\/wp-json\/wp\/v2\/pages\/6118"}],"wp:attachment":[{"href":"https:\/\/asta-hannover.de\/es\/wp-json\/wp\/v2\/media?parent=7950"}],"curies":[{"name":"wp","href":"https:\/\/api.w.org\/{rel}","templated":true}]}}