{"id":6118,"date":"2012-08-17T22:38:53","date_gmt":"2012-08-17T20:38:53","guid":{"rendered":"http:\/\/www.asta-hannover.de\/?page_id=10"},"modified":"2024-11-04T17:18:10","modified_gmt":"2024-11-04T16:18:10","slug":"","status":"publish","type":"page","link":"https:\/\/asta-hannover.de\/es\/asta\/sb-stellen\/","title":{"rendered":"","raw":""},"content":{"rendered":"","protected":false,"raw":""},"excerpt":{"rendered":"","protected":false,"raw":""},"author":5,"featured_media":0,"parent":7733,"menu_order":0,"comment_status":"closed","ping_status":"closed","template":"","meta":{"_de_post_content":"<!-- wp:paragraph -->\n<p>Die Sachbearbeitungs-Stellen \u2013 kurz SB-Stellen \u2013 sind ein zentraler Bestandteil des gro\u00dfen AStA-Kollektivs. Sie halten den t\u00e4glichen Betrieb durch Serviceleistungen und inhaltliche Arbeit am Laufen. Daf\u00fcr erhalten Sie eine Aufwandsentsch\u00e4digung aus dem Haushalt der Studierendenschaft. SachbearbeiterInnen werden, wie auch das AStA-Kollektiv in jeder Legislatur neu gew\u00e4hlt.<\/p>\n<!-- \/wp:paragraph -->\n\n<!-- wp:paragraph -->\n<p>Die Serviceleistungen bestehen aus den Angeboten im Serviceb\u00fcro (haupts\u00e4chlich Mensa-Freitische), der Darlehensbearbeitung, sowie den Beratungsangeboten zu studiengangsbezogenen Fragen und zum BAF\u00f6G.<\/p>\n<!-- \/wp:paragraph -->\n\n<!-- wp:paragraph -->\n<p>Die inhaltlichen SB-Stellen arbeiten eng mit dem Referat f\u00fcr politische Bildung zusammen und sorgen so f\u00fcr die Realisierung inhaltlicher Veranstaltungsreihen, sei es bei den Erstsemestertagen oder dem fclr. Aber auch Veranstaltungsreihen wie die \u201euni_sex Hochschultage\u201c werden von den SB-Stellen vorbereitet und begleitet.<\/p>\n<!-- \/wp:paragraph -->\n\n<!-- wp:paragraph -->\n<p>So k\u00f6nnen die Anspr\u00fcche an politische Aufkl\u00e4rung der Studierenden durch den AStA realisiert werden. Wir verstehen die Menschen hinter den SB-Stellen nicht als Dienstleistende, sondern als Mitglieder des AStA-Kollektivs. Denn ohne diese, w\u00e4re der Alltag im AStA nicht ansatzweise zu meistern.<\/p>\n<!-- \/wp:paragraph -->\n\n<!-- wp:heading {\"level\":3} -->\n<h3 class=\"wp-block-heading\">Folgende SB-Stellen gibt es im AStA derzeit:<\/h3>\n<!-- \/wp:heading -->\n\n<!-- wp:list -->\n<ul class=\"wp-block-list\"><!-- wp:list-item -->\n<li><a href=\"https:\/\/www.asta-hannover.de\/admission\/\">Admission<\/a><\/li>\n<!-- \/wp:list-item -->\n\n<!-- wp:list-item -->\n<li><a href=\"https:\/\/asta-hannover.de\/ag-kritische-bildung\/\" data-type=\"page\" data-id=\"9338\">AG Kritische Bildung<\/a><\/li>\n<!-- \/wp:list-item -->\n\n<!-- wp:list-item -->\n<li><a href=\"https:\/\/asta-hannover.de\/hochschulpolitik\/akademische-selbstverwaltung\/\" data-type=\"page\" data-id=\"228\">Akademische Selbstverwaltung<\/a><\/li>\n<!-- \/wp:list-item -->\n\n<!-- wp:list-item -->\n<li><a href=\"https:\/\/asta-hannover.de\/asta\/sb-stellen\/antidiskriminierung\/\" data-type=\"page\" data-id=\"8946\">Antidiskriminierung<\/a><\/li>\n<!-- \/wp:list-item -->\n\n<!-- wp:list-item -->\n<li><a href=\"https:\/\/asta-hannover.de\/asta\/sb-stellen\/sb-stelle-archiv\/\" data-type=\"page\" data-id=\"8941\">Archiv<\/a><\/li>\n<!-- \/wp:list-item -->\n\n<!-- wp:list-item -->\n<li><a href=\"https:\/\/asta-hannover.de\/angebote\/druckerei\/\" data-type=\"page\" data-id=\"348\">AStA-Druckerei<\/a><\/li>\n<!-- \/wp:list-item -->\n\n<!-- wp:list-item -->\n<li><a href=\"https:\/\/asta-hannover.de\/angebote\/finanzielles\/bafog-und-sozialberatung\/\" data-type=\"page\" data-id=\"112\">BAf\u00f6G- und Sozialberatung<\/a><\/li>\n<!-- \/wp:list-item -->\n\n<!-- wp:list-item -->\n<li><a href=\"https:\/\/asta-hannover.de\/angebote\/finanzielles\/darlehen\/\" data-type=\"page\" data-id=\"156\">Darlehensbearbeitung<\/a><\/li>\n<!-- \/wp:list-item -->\n\n<!-- wp:list-item -->\n<li><a href=\"https:\/\/asta-hannover.de\/asta\/sb-stellen\/frauen-und-geschlechterpolitik\/\" data-type=\"page\" data-id=\"117\">Frauen*- und Geschlechterpolitik<\/a><\/li>\n<!-- \/wp:list-item -->\n\n<!-- wp:list-item -->\n<li><a href=\"https:\/\/asta-hannover.de\/asta\/sb-stellen\/geschaeftszimmerdienst\/\" data-type=\"page\" data-id=\"8940\">Gesch\u00e4ftszimmerdienst<\/a><\/li>\n<!-- \/wp:list-item -->\n\n<!-- wp:list-item -->\n<li><a href=\"https:\/\/asta-hannover.de\/angebote\/soziales\/hochschul-und-studienberatung\/\" data-type=\"page\" data-id=\"2827\">Hochschul- und Studienberatung<\/a><\/li>\n<!-- \/wp:list-item -->\n\n<!-- wp:list-item -->\n<li><a href=\"https:\/\/asta-hannover.de\/asta\/sb-stellen\/medien-technik\/\" data-type=\"page\" data-id=\"8947\">Medien und Technik<\/a><\/li>\n<!-- \/wp:list-item -->\n\n<!-- wp:list-item -->\n<li><a href=\"https:\/\/asta-hannover.de\/asta\/sb-stellen\/nachhaltigkeit-oekologie\/\" data-type=\"page\" data-id=\"8943\">Nachhaltigkeit &amp; \u00d6kologie<\/a><\/li>\n<!-- \/wp:list-item -->\n\n<!-- wp:list-item -->\n<li><a href=\"https:\/\/asta-hannover.de\/asta\/sb-stellen\/organizing\/\" data-type=\"page\" data-id=\"8944\">Organizing<\/a><\/li>\n<!-- \/wp:list-item -->\n\n<!-- wp:list-item -->\n<li><a href=\"https:\/\/asta-hannover.de\/asta\/sb-stellen\/queer-politik\/\" data-type=\"page\" data-id=\"8942\">Queer-Politik<\/a><\/li>\n<!-- \/wp:list-item -->\n\n<!-- wp:list-item -->\n<li><a href=\"https:\/\/asta-hannover.de\/angebote\/mobilitat\/semesterticket\/\" data-type=\"page\" data-id=\"5171\">Semesterticket und Mobilit\u00e4t<\/a><\/li>\n<!-- \/wp:list-item -->\n\n<!-- wp:list-item -->\n<li><a href=\"https:\/\/asta-hannover.de\/asta\/sb-stellen\/semesterticketausfallfonds\/\" data-type=\"page\" data-id=\"8949\">Semesterticketausfallfonds<\/a><\/li>\n<!-- \/wp:list-item -->\n\n<!-- wp:list-item -->\n<li><a href=\"https:\/\/asta-hannover.de\/asta\/sb-stellen\/servicebuero\/\" data-type=\"page\" data-id=\"8939\">Serviceb\u00fcro<\/a><\/li>\n<!-- \/wp:list-item -->\n\n<!-- wp:list-item -->\n<li><a href=\"https:\/\/asta-hannover.de\/asta\/sb-stellen\/sb-stelle-system-administration\/\" data-type=\"page\" data-id=\"8937\">System-Administration<\/a><\/li>\n<!-- \/wp:list-item -->\n\n<!-- wp:list-item -->\n<li><a href=\"https:\/\/asta-hannover.de\/asta\/sb-stellen\/teilhabe-und-barrierefreiheit\/\" data-type=\"page\" data-id=\"6361\">Teilhabe und Barrierefreiheit<\/a><\/li>\n<!-- \/wp:list-item -->\n\n<!-- wp:list-item -->\n<li><a href=\"https:\/\/asta-hannover.de\/asta\/sb-stellen\/zivilklausel-2\/\" data-type=\"page\" data-id=\"6332\">Zivilklausel<\/a><\/li>\n<!-- \/wp:list-item --><\/ul>\n<!-- \/wp:list -->\n\n<!-- wp:heading -->\n<h2 class=\"wp-block-heading\">Zum Vergabeverfahren<\/h2>\n<!-- \/wp:heading -->\n\n<!-- wp:paragraph -->\n<p>Wir haben uns in der aktuellen Legislatur aufgrund der geschlechtlich ungleichen&nbsp;Besetzung des Referatskollektivs vorgenommen, die SB-Stellen bevorzugt mit weiblichen*&nbsp;Menschen zu besetzen. Das hei\u00dft f\u00fcr uns: bei mehreren Bewerbungen gleicher Qualifikation&nbsp;auf eine Stelle, werden Frauen* bevorzugt. Au\u00dferdem wird nach M\u00f6glichkeit auf eine nach Studieng\u00e4ngen ausgewogene Besetzung geachtet. Im aktuellen Haushalt sind 43 Sachbearbeiter*innen vorgesehen.&nbsp; Die Ausschreibung der Stellen erfolgt j\u00e4hrlich am Tag nach der konstituierenden Sitzung des Studentischen Rates \u00fcber die \u00fcblichen Kan\u00e4le. Falls Ihr Euch bewerben wollt, schaut auf Facebook oder hier auf unserer Homepage in den Neuigkeiten.<\/p>\n<!-- \/wp:paragraph -->","_de_post_name":"sb-stellen","_de_post_excerpt":"","_de_post_title":"SB-Stellen","_en_post_content":"","_en_post_name":"","_en_post_excerpt":"","_en_post_title":"","_es_post_content":"","_es_post_name":"","_es_post_excerpt":"","_es_post_title":"","edit_language":"es","footnotes":""},"class_list":["post-6118","page","type-page","status-publish","hentry"],"_links":{"self":[{"href":"https:\/\/asta-hannover.de\/es\/wp-json\/wp\/v2\/pages\/6118","targetHints":{"allow":["GET"]}}],"collection":[{"href":"https:\/\/asta-hannover.de\/es\/wp-json\/wp\/v2\/pages"}],"about":[{"href":"https:\/\/asta-hannover.de\/es\/wp-json\/wp\/v2\/types\/page"}],"author":[{"embeddable":true,"href":"https:\/\/asta-hannover.de\/es\/wp-json\/wp\/v2\/users\/5"}],"replies":[{"embeddable":true,"href":"https:\/\/asta-hannover.de\/es\/wp-json\/wp\/v2\/comments?post=6118"}],"version-history":[{"count":12,"href":"https:\/\/asta-hannover.de\/es\/wp-json\/wp\/v2\/pages\/6118\/revisions"}],"predecessor-version":[{"id":9340,"href":"https:\/\/asta-hannover.de\/es\/wp-json\/wp\/v2\/pages\/6118\/revisions\/9340"}],"up":[{"embeddable":true,"href":"https:\/\/asta-hannover.de\/es\/wp-json\/wp\/v2\/pages\/7733"}],"wp:attachment":[{"href":"https:\/\/asta-hannover.de\/es\/wp-json\/wp\/v2\/media?parent=6118"}],"curies":[{"name":"wp","href":"https:\/\/api.w.org\/{rel}","templated":true}]}}