{"id":5613,"date":"2018-04-22T22:09:43","date_gmt":"2018-04-22T20:09:43","guid":{"rendered":"http:\/\/www.asta-hannover.de\/?page_id=5613"},"modified":"2023-05-24T17:38:06","modified_gmt":"2023-05-24T15:38:06","slug":"","status":"publish","type":"page","link":"https:\/\/asta-hannover.de\/es\/angebote\/theater-flatrate\/","title":{"rendered":"","raw":""},"content":{"rendered":"","protected":false,"raw":""},"excerpt":{"rendered":"","protected":false,"raw":""},"author":5,"featured_media":0,"parent":96,"menu_order":0,"comment_status":"closed","ping_status":"closed","template":"","meta":{"_de_post_content":"<!-- wp:paragraph -->\n<p>Gemeinsam mit den ASten der Hochschule, der HMTH und der MHH haben wir in den letzten Monaten mit dem Staatstheater Hannover einen Vertrag vereinbart, der es den Studierenden der entsprechenden Hochschulen erm\u00f6glicht, ab dem 01.03.2018 unter bestimmten Voraussetzungen eine Freikarte f\u00fcr Veranstaltungen des Staatstheaters (aktuell ist die Staatsoper nicht Teil der Vereinbarung) zu erhalten. Erm\u00f6glicht wird dies durch einen Beitrag von anfangs 0,50\u20ac, der ab dem WiSe 18\/19 im Studierendenbeitrag enthalten ist.<\/p>\n<!-- \/wp:paragraph -->\n\n<!-- wp:image {\"id\":8823,\"sizeSlug\":\"large\",\"linkDestination\":\"none\",\"style\":{\"border\":{\"width\":\"0px\",\"style\":\"none\"}},\"className\":\"is-style-default\"} -->\n<figure class=\"wp-block-image size-large has-custom-border is-style-default\"><img src=\"https:\/\/test.asta-hannover.de\/wp-content\/uploads\/2023\/03\/image-1024x487.png\" alt=\"La Juive \u00a9 Sandra Then\" class=\"wp-image-8823\" style=\"border-style:none;border-width:0px\"\/><\/figure>\n<!-- \/wp:image -->\n\n<!-- wp:paragraph -->\n<p>Zu den bestimmten Voraussetzungen f\u00fcr den Erhalt der Freikarte z\u00e4hlen u.a.:<\/p>\n<!-- \/wp:paragraph -->\n\n<!-- wp:list -->\n<ul><!-- wp:list-item -->\n<li>Zum Erhalt der Freikarte ist eine Registrierung beim Theater notwendig. Ab 16. Februar k\u00f6nnen sich Studierende der beteiligten Hochschulen telefonisch (0511 9999 1111) oder pers\u00f6nlich an den Kassen des Staatstheaters registrieren lassen und erhalten eine pers\u00f6nliche Kundennummer<\/li>\n<!-- \/wp:list-item -->\n\n<!-- wp:list-item -->\n<li>Freikarten sind ab 2 Tagen vor dem Vorstellungstermin erh\u00e4ltlich<\/li>\n<!-- \/wp:list-item -->\n\n<!-- wp:list-item -->\n<li>Die Freikarten sind personengebunden. Zum Erhalt und beim Eintritt sind Studierendenausweis und Lichtbildausweis notwendig; zum Erhalt zudem die beantragte Kundennummer<\/li>\n<!-- \/wp:list-item -->\n\n<!-- wp:list-item -->\n<li>Eine Reservierung von Freikarten ist nicht m\u00f6glich<\/li>\n<!-- \/wp:list-item -->\n\n<!-- wp:list-item -->\n<li>Ausgenommen sind in der Regel Premieren, Gastspiele und Sonderveranstaltungen.<\/li>\n<!-- \/wp:list-item --><\/ul>\n<!-- \/wp:list -->\n\n<!-- wp:paragraph -->\n<p>Es handelt sich hierbei zun\u00e4chst um eine einj\u00e4hrige Testphase. Sollte das Angebot gerne angenommen werden, bem\u00fchen wir uns um eine langfristige Erhaltung dieses Angebots.<\/p>\n<!-- \/wp:paragraph -->\n\n<!-- wp:paragraph -->\n<p>Detaillierte Informationen zu den Bedingungen gibt es auf der <a href=\"http:\/\/staatstheater-hannover.de\/schauspiel\/index.php?f=07_seiten&amp;ID_Seite=300\">Website des Schauspielhaus Hannover<\/a>.<\/p>\n<!-- \/wp:paragraph -->","_de_post_name":"theater-flatrate","_de_post_excerpt":"","_de_post_title":"Theater-Flatrate","_en_post_content":"<!-- wp:image {\"id\":8823,\"sizeSlug\":\"large\",\"linkDestination\":\"none\",\"style\":{\"border\":{\"width\":\"0px\",\"style\":\"none\"}},\"className\":\"is-style-default\"} -->\n<figure class=\"wp-block-image size-large has-custom-border is-style-default\"><img src=\"https:\/\/test.asta-hannover.de\/wp-content\/uploads\/2023\/03\/image-1024x487.png\" alt=\"La Juive \u00a9 Sandra Then\" class=\"wp-image-8823\" style=\"border-style:none;border-width:0px\"\/><\/figure>\n<!-- \/wp:image -->\n\n<!-- wp:paragraph -->\n<p>In cooperation with the other Universities general student\u2019s committees of Hannover, a contract with the Staatstheater has been negotiated. <strong>Since 2018, students can visit all theatre performancesin Hannover for free! <\/strong><\/p>\n<!-- \/wp:paragraph -->\n\n<!-- wp:paragraph -->\n<p>This is made possible by a contribution of 50 cents per student included in the semester fee. <\/p>\n<!-- \/wp:paragraph -->\n\n<!-- wp:paragraph -->\n<p>To participate, you first have to register at the Staatstheater (call 0511 9999 1111 or go there personally) to get a client number. Afterwards, you can book tickets up to three days before a performance online, or at the box office on the evening of the show.  <\/p>\n<!-- \/wp:paragraph -->\n\n<!-- wp:paragraph -->\n<p>For detailed Information, check their <a href=\"https:\/\/staatstheater-hannover.de\/en_EN\/theaterflatrate\">website<\/a>.<\/p>\n<!-- \/wp:paragraph -->","_en_post_name":"","_en_post_excerpt":"","_en_post_title":"Theatre Flatrate","_es_post_content":"","_es_post_name":"","_es_post_excerpt":"","_es_post_title":"","edit_language":"es","footnotes":""},"class_list":["post-5613","page","type-page","status-publish","hentry"],"_links":{"self":[{"href":"https:\/\/asta-hannover.de\/es\/wp-json\/wp\/v2\/pages\/5613","targetHints":{"allow":["GET"]}}],"collection":[{"href":"https:\/\/asta-hannover.de\/es\/wp-json\/wp\/v2\/pages"}],"about":[{"href":"https:\/\/asta-hannover.de\/es\/wp-json\/wp\/v2\/types\/page"}],"author":[{"embeddable":true,"href":"https:\/\/asta-hannover.de\/es\/wp-json\/wp\/v2\/users\/5"}],"replies":[{"embeddable":true,"href":"https:\/\/asta-hannover.de\/es\/wp-json\/wp\/v2\/comments?post=5613"}],"version-history":[{"count":3,"href":"https:\/\/asta-hannover.de\/es\/wp-json\/wp\/v2\/pages\/5613\/revisions"}],"predecessor-version":[{"id":8825,"href":"https:\/\/asta-hannover.de\/es\/wp-json\/wp\/v2\/pages\/5613\/revisions\/8825"}],"up":[{"embeddable":true,"href":"https:\/\/asta-hannover.de\/es\/wp-json\/wp\/v2\/pages\/96"}],"wp:attachment":[{"href":"https:\/\/asta-hannover.de\/es\/wp-json\/wp\/v2\/media?parent=5613"}],"curies":[{"name":"wp","href":"https:\/\/api.w.org\/{rel}","templated":true}]}}