{"id":228,"date":"2012-08-23T23:02:37","date_gmt":"2012-08-23T21:02:37","guid":{"rendered":"http:\/\/www.asta-hannover.de\/?page_id=228"},"modified":"2023-03-16T21:52:32","modified_gmt":"2023-03-16T20:52:32","slug":"","status":"publish","type":"page","link":"https:\/\/asta-hannover.de\/es\/hochschulpolitik\/akademische-selbstverwaltung\/","title":{"rendered":"","raw":""},"content":{"rendered":"","protected":false,"raw":""},"excerpt":{"rendered":"","protected":false,"raw":""},"author":5,"featured_media":0,"parent":94,"menu_order":0,"comment_status":"closed","ping_status":"closed","template":"","meta":{"_de_post_content":"<!-- wp:paragraph -->\n<p>Die Gremien der Akademischen Selbstverwaltung&nbsp;sind meist nach dem Schema besetzt:<\/p>\n<!-- \/wp:paragraph -->\n\n<!-- wp:paragraph -->\n<p>Ausnahme ist die Studienkommission.<\/p>\n<!-- \/wp:paragraph -->\n\n<!-- wp:list -->\n<ul><!-- wp:list-item -->\n<li>2 Studierende<\/li>\n<!-- \/wp:list-item -->\n\n<!-- wp:list-item -->\n<li>2 wissenschaftliche Mitarbeiterinnen<\/li>\n<!-- \/wp:list-item -->\n\n<!-- wp:list-item -->\n<li>2 nichtwissenschaftliche Mitarbeiter_innen<\/li>\n<!-- \/wp:list-item -->\n\n<!-- wp:list-item -->\n<li>7 Dozent_innen<\/li>\n<!-- \/wp:list-item --><\/ul>\n<!-- \/wp:list -->\n\n<!-- wp:paragraph -->\n<p><\/p>\n<!-- \/wp:paragraph -->\n\n<!-- wp:heading -->\n<h2 class=\"wp-block-heading\">Gremien<\/h2>\n<!-- \/wp:heading -->\n\n<!-- wp:heading -->\n<h2 class=\"wp-block-heading\">Fakult\u00e4tsrat<\/h2>\n<!-- \/wp:heading -->\n\n<!-- wp:paragraph -->\n<p>Der Fakult\u00e4tsrat ist das h\u00f6chste akademische Gremium einer Fakult\u00e4t. Es ist mit zwei studentischen Vertreter_innen besetzt und hat eine Mehrheit der Professor_innen.<\/p>\n<!-- \/wp:paragraph -->\n\n<!-- wp:heading {\"level\":3} -->\n<h3 class=\"wp-block-heading\">Senat<\/h3>\n<!-- \/wp:heading -->\n\n<!-- wp:paragraph -->\n<p>Der Senat ist Teil der akademischen Selbstverwaltung&nbsp;und das h\u00f6chste, demokratisch legitimierte&nbsp;Gremium an der Universit\u00e4t. Seine&nbsp;wichtigste Aufgabe ist es Ordnungen und die&nbsp;Entwicklungsplanung der Universit\u00e4t zu beschlie\u00dfen&nbsp;und Empfehlungen gegen\u00fcber dem&nbsp;Pr\u00e4sidium auszusprechen.<\/p>\n<!-- \/wp:paragraph -->\n\n<!-- wp:paragraph -->\n<p>Au\u00dferdem nimmt&nbsp;der Senat Stellung zu allen Entscheidungen der&nbsp;Selbstverwaltung, die die gesamte Universit\u00e4t&nbsp;betreffen. Aufgaben und Zusammensetzung&nbsp;werden vom <a href=\"http:\/\/www.schure.de\/22210\/nhg.htm\">Nieders\u00e4chsischen Hochschulgesetz<\/a>&nbsp;(NHG) <a href=\"http:\/\/www.schure.de\/22210\/nhg.htm#p41\">\u00a741<\/a> geregelt. Der Senat besteht&nbsp;aus <a href=\"https:\/\/www.uni-hannover.de\/de\/universitaet\/organisation\/senat\/\">13 gew\u00e4hlten Mitgliedern<\/a> mit Stimmrecht,&nbsp;darunter zwei Studierende, zwei Mitarbeiter*innen aus Technik und Verwaltung, zwei&nbsp;wissenschaftliche Mitarbeiter*innen und sieben&nbsp;Vertreter*innen der Hochschullehrer*innengruppe.<\/p>\n<!-- \/wp:paragraph -->\n\n<!-- wp:paragraph -->\n<p>Die studentischen Vertreter*innen&nbsp;werden bei den Uniwahlen f\u00fcr je ein Jahr gew\u00e4hlt.&nbsp;Der Pr\u00e4sident leitet die Sitzungen, ohne&nbsp;Stimmrecht zu haben. Auch das Pr\u00e4sidium&nbsp;und die Dekan*innen nehmen ohne Stimmrecht&nbsp;an Sitzungen teil.<\/p>\n<!-- \/wp:paragraph -->\n\n<!-- wp:paragraph -->\n<p>Zur Unterst\u00fctzung vor allem in der Entwicklungsplanung&nbsp;richtet der Senat Kommissionen&nbsp;ein, die teilweise auch vom NHG vorgegeben&nbsp;sind, und besetzt diese. Die Studienqualit\u00e4tskommission&nbsp;hat sogar eine studentische Mehrheit&nbsp;und die Lehrkommission ist zur H\u00e4lfte mit&nbsp;Studierenden besetzt.<\/p>\n<!-- \/wp:paragraph -->\n\n<!-- wp:paragraph -->\n<p>Hier gibt es aktuelle Informationen aus dem Senat, von den studentischen SenatorInnen:<br><a rel=\"noreferrer noopener\" href=\"http:\/\/senat.asta-hannover.de\" target=\"_blank\">http:\/\/senat.asta-hannover.de<\/a><\/p>\n<!-- \/wp:paragraph -->\n\n<!-- wp:heading -->\n<h2 class=\"wp-block-heading\">Lehrkommission<\/h2>\n<!-- \/wp:heading -->\n\n<!-- wp:paragraph -->\n<p>Die <a href=\"https:\/\/www.uni-hannover.de\/de\/universitaet\/organisation\/gremien-und-kommissionen\/lehrkommission\/\">Lehrkommission<\/a> ist eine in der Universit\u00e4tsordnung verankerte, von Vertreter_innen aller Fakult\u00e4ten und Studierenden zusammengesetzte Kommission, die sich mit Fragen der gesamtuniversit\u00e4ren Lehre besch\u00e4ftigt. Sie ist beratendes Organ der Projektleitung zur Umsetzung der Studienreformen im Sinne der Bologna-Erkl\u00e4rung.<\/p>\n<!-- \/wp:paragraph -->\n\n<!-- wp:heading -->\n<h2 class=\"wp-block-heading\">Studienkommission<\/h2>\n<!-- \/wp:heading -->\n\n<!-- wp:paragraph -->\n<p>Gremium an der Fakult\u00e4t, das \u00fcber die Lehre ber\u00e4t und eine studentische Mehrheit hat, Entscheidungen m\u00fcssen allerdings durch den Fakult\u00e4tsrat best\u00e4tigt werden.<\/p>\n<!-- \/wp:paragraph -->\n\n<!-- wp:heading -->\n<h2 class=\"wp-block-heading\">Studienqualit\u00e4tsmittelkommission<\/h2>\n<!-- \/wp:heading -->\n\n<!-- wp:paragraph -->\n<p>Studentische Vertreter*innen im Studentenwerk<\/p>\n<!-- \/wp:paragraph -->","_de_post_name":"akademische-selbstverwaltung","_de_post_excerpt":"","_de_post_title":"Akademische Selbstverwaltung","_en_post_content":"","_en_post_name":"","_en_post_excerpt":"","_en_post_title":"","_es_post_content":"","_es_post_name":"","_es_post_excerpt":"","_es_post_title":"","edit_language":"es","footnotes":""},"class_list":["post-228","page","type-page","status-publish","hentry"],"_links":{"self":[{"href":"https:\/\/asta-hannover.de\/es\/wp-json\/wp\/v2\/pages\/228","targetHints":{"allow":["GET"]}}],"collection":[{"href":"https:\/\/asta-hannover.de\/es\/wp-json\/wp\/v2\/pages"}],"about":[{"href":"https:\/\/asta-hannover.de\/es\/wp-json\/wp\/v2\/types\/page"}],"author":[{"embeddable":true,"href":"https:\/\/asta-hannover.de\/es\/wp-json\/wp\/v2\/users\/5"}],"replies":[{"embeddable":true,"href":"https:\/\/asta-hannover.de\/es\/wp-json\/wp\/v2\/comments?post=228"}],"version-history":[{"count":5,"href":"https:\/\/asta-hannover.de\/es\/wp-json\/wp\/v2\/pages\/228\/revisions"}],"predecessor-version":[{"id":8974,"href":"https:\/\/asta-hannover.de\/es\/wp-json\/wp\/v2\/pages\/228\/revisions\/8974"}],"up":[{"embeddable":true,"href":"https:\/\/asta-hannover.de\/es\/wp-json\/wp\/v2\/pages\/94"}],"wp:attachment":[{"href":"https:\/\/asta-hannover.de\/es\/wp-json\/wp\/v2\/media?parent=228"}],"curies":[{"name":"wp","href":"https:\/\/api.w.org\/{rel}","templated":true}]}}