{"id":217,"date":"2012-08-23T22:52:18","date_gmt":"2012-08-23T20:52:18","guid":{"rendered":"http:\/\/www.asta-hannover.de\/?page_id=217"},"modified":"2024-11-29T15:02:15","modified_gmt":"2024-11-29T14:02:15","slug":"","status":"publish","type":"page","link":"https:\/\/asta-hannover.de\/es\/hochschulpolitik\/studentische-selbstverwaltung\/auslander_innenkomission\/","title":{"rendered":"","raw":""},"content":{"rendered":"","protected":false,"raw":""},"excerpt":{"rendered":"","protected":false,"raw":""},"author":5,"featured_media":0,"parent":226,"menu_order":0,"comment_status":"closed","ping_status":"closed","template":"","meta":{"_de_post_content":"<p class=\"moz-quote-pre\" style=\"text-align: justify;\">Autonome Struktur an der Uni Hannover, welche die Interessen ausl\u00e4ndischer Studierender vertritt. Die Kommission ist in der Satzung der Verfassten Studierendenschaft an der Uni Hannover festgeschrieben und wird von allen ausl\u00e4ndischen Studierenden gew\u00e4hlt. Die ausl\u00e4ndischen Studierenden w\u00e4hlen zudem zwei Ausl\u00e4nder_innen-Sprecher_innen.<\/p>\n<h2 class=\"moz-quote-pre\" style=\"text-align: justify;\">Vorstellung der Ausl\u00e4nder_innensprecherinnen Amtzeit 2024\/2025<\/h2>\n<p class=\"moz-quote-pre\" style=\"text-align: justify;\">\u00a0<\/p>\n\n<!-- wp:paragraph -->\n<p>Ich bin <strong>Nabil Hamo<\/strong> aus dem Irak und Student im Masterstudiengang Elektrotechnik an der Leibniz Universit\u00e4t Hannover. Meine gr\u00f6\u00dfte Leidenschaft besteht darin, einfache und effiziente L\u00f6sungen f\u00fcr hochkomplexe Themen zu finden. Aus diesem Grund untersuchte ich im Rahmen meiner Bachelorarbeit im Irak die M\u00f6glichkeit, Blinden mithilfe einer Brille mit einem hochwertigen Sensor zu erm\u00f6glichen, ihren Alltag ohne Komplikationen zu bew\u00e4ltigen (sehen durch Empfinden).<br>Ich kenne die Situation ausl\u00e4ndischer Studierender hier in Deutschland, insbesondere in Hannover, sehr gut und glaube fest daran, immer eine gute und zuverl\u00e4ssige Hilfe zu sein und sein zu wollen.\u00a0 Ich freue mich sehr, ein Teil der Kommission sein zu d\u00fcrfen, und ganz besonders freue ich mich darauf, den Studierenden bald bei ihren Anliegen behilflich sein zu k\u00f6nnen. Gerne immer freundschaftlich, respektvoll und verst\u00e4ndnisvoll - genau das zeichnet mich aus.<br>Euer Nabil.<\/p>\n<!-- \/wp:paragraph -->\n\n<!-- wp:paragraph -->\n<p><br>Mein Name ist <strong>Szymon Wisniewski<\/strong>, ich komme aus Polen und studiere Umweltingenieurwesen im Master. Mich faszinieren \u00d6kologie und Ressourcenmanagement, die Schwerpunkte meines Studiums. In meiner Freizeit treibe ich gerne Sport (Wandern, Joggen, Segeln) und genie\u00dfe die Zeit in der Natur. Als internationaler Student, der selbst aus dem Ausland nach Deutschland gekommen ist, kenne ich die Herausforderungen, denen internationale Studierende gegen\u00fcberstehen, aus eigener Erfahrung. Aus diesem Grund entschied ich mich, als Sprecher f\u00fcr internationale Studierende zu kandidieren, um die internationalen Studierenden bei ihren Anliegen und Problemen an der Universit\u00e4t zu unterst\u00fctzen. Zuvor habe ich mich bei der Begegnungsgruppe \u201eCaf\u00e9 International\u201c engagiert, die einen bedeutenden Beitrag zur Integration internationaler Studierender geleistet hat. F\u00fcr dieses Engagement wurden wir mit dem Preis des Studentenwerks ausgezeichnet. Meine langj\u00e4hrige Erfahrung in der Arbeit mit internationalen Studierenden m\u00f6chte ich nun als Sprecher f\u00fcr internationale Studierende weiterf\u00fchren. Mir liegt besonders die Integration der internationalen Studierenden am Herzen sowie die Vertretung ihrer Rechte im Falle von Diskriminierung. Ich freue mich darauf, die Arbeit der Kommission f\u00fcr internationale Studierende aktiv mitzugestalten.<\/p>\n<!-- \/wp:paragraph -->\n\n<!-- wp:paragraph -->\n<p><br>Wir sind f\u00fcr euch unter folgender E-Mail-Adresse immer erreichbar:<br>auslaenderinnenkommission[at]stud.uni-hannover.de<\/p>\n<!-- \/wp:paragraph -->","_de_post_name":"auslander_innenkomission","_de_post_excerpt":"","_de_post_title":"Ausl\u00e4nder_innenkommission","_en_post_content":"<!-- wp:paragraph -->\n<p>An autonomous structure at the Leibniz University Hannover that represents the interests of international students. The commission is enshrined in the statutes of the Student Union at Leibniz University Hannover and is elected by all international students. Additionally, the international students elect two spokespersons for the commission.<\/p>\n<!-- \/wp:paragraph -->\n\n<!-- wp:heading -->\n<h2 class=\"wp-block-heading\">Introducing the International Students\u2019 Spokespersons for the Term 2024\/2025<\/h2>\n<!-- \/wp:heading -->\n\n<!-- wp:paragraph -->\n<p>I am <strong>Nabil Hamo<\/strong>, from Iraq, and a master\u2019s student in Electrical Engineering at Leibniz University Hannover. My greatest passion lies in finding simple and efficient solutions to highly complex problems. For this reason, I explored in my bachelor's thesis in Iraq the possibility of enabling blind people to manage their daily lives without complications through the use of glasses equipped with high-quality sensors (\"seeing through feeling\").<br>I am well acquainted with the situation of international students here in Germany, particularly in Hannover, and strongly believe in being a reliable and helpful colleague. I am very excited to be part of the commission and especially look forward to supporting students with their concerns soon. Always with friendliness, respect, and understanding\u2014this is what defines me.<br>Yours,<br>Nabil<\/p>\n<!-- \/wp:paragraph -->\n\n<!-- wp:paragraph -->\n<p>My name is <strong>Szymon Wisniewski<\/strong>, I am from Poland, and I am pursuing a master\u2019s degree in Environmental Engineering. I am fascinated by ecology and resource management, the core focus of my studies. In my free time, I enjoy sports such as hiking, jogging, and sailing, and I love spending time in nature.<br>As an international student who came to Germany from abroad, I understand the challenges faced by international students from my own experience. This is why I decided to run as a spokesperson for international students\u2014to support them with their concerns and issues at the university. Previously, I was involved with the intercultural group \"Caf\u00e9 International,\" which made significant contributions to the integration of international students. Our efforts were recognized with an award from the Student Services Organization. I now aim to bring my years of experience working with international students to my role as a spokesperson. My primary focus is on fostering integration for international students and advocating for their rights in cases of discrimination. I look forward to actively contributing to the work of the International Students' Commission.<\/p>\n<!-- \/wp:paragraph -->\n\n<!-- wp:paragraph -->\n<p>We are always reachable at the following email address:<br>auslaenderinnenkommission[at]stud.uni-hannover.de<\/p>\n<!-- \/wp:paragraph -->","_en_post_name":"","_en_post_excerpt":"","_en_post_title":"Foreign Students' Commission","_es_post_content":"","_es_post_name":"","_es_post_excerpt":"","_es_post_title":"","edit_language":"es","footnotes":""},"class_list":["post-217","page","type-page","status-publish","hentry"],"_links":{"self":[{"href":"https:\/\/asta-hannover.de\/es\/wp-json\/wp\/v2\/pages\/217","targetHints":{"allow":["GET"]}}],"collection":[{"href":"https:\/\/asta-hannover.de\/es\/wp-json\/wp\/v2\/pages"}],"about":[{"href":"https:\/\/asta-hannover.de\/es\/wp-json\/wp\/v2\/types\/page"}],"author":[{"embeddable":true,"href":"https:\/\/asta-hannover.de\/es\/wp-json\/wp\/v2\/users\/5"}],"replies":[{"embeddable":true,"href":"https:\/\/asta-hannover.de\/es\/wp-json\/wp\/v2\/comments?post=217"}],"version-history":[{"count":2,"href":"https:\/\/asta-hannover.de\/es\/wp-json\/wp\/v2\/pages\/217\/revisions"}],"predecessor-version":[{"id":9384,"href":"https:\/\/asta-hannover.de\/es\/wp-json\/wp\/v2\/pages\/217\/revisions\/9384"}],"up":[{"embeddable":true,"href":"https:\/\/asta-hannover.de\/es\/wp-json\/wp\/v2\/pages\/226"}],"wp:attachment":[{"href":"https:\/\/asta-hannover.de\/es\/wp-json\/wp\/v2\/media?parent=217"}],"curies":[{"name":"wp","href":"https:\/\/api.w.org\/{rel}","templated":true}]}}