{"id":203,"date":"2012-08-23T22:46:41","date_gmt":"2012-08-23T20:46:41","guid":{"rendered":"http:\/\/www.asta-hannover.de\/?page_id=203"},"modified":"2024-11-22T11:40:15","modified_gmt":"2024-11-22T10:40:15","slug":"","status":"publish","type":"page","link":"https:\/\/asta-hannover.de\/es\/hochschulpolitik\/studentische-selbstverwaltung\/altestenrat\/","title":{"rendered":"","raw":""},"content":{"rendered":"","protected":false,"raw":""},"excerpt":{"rendered":"","protected":false,"raw":""},"author":5,"featured_media":0,"parent":226,"menu_order":0,"comment_status":"closed","ping_status":"closed","template":"","meta":{"_de_post_content":"<p style=\"text-align: justify;\">Der \u00c4ltestenrat ist ein Organ der Verfassten Studierendenschaft. Er besteht aus f\u00fcnf studentischen Mitgliedern, die vom Studentischen Rat f\u00fcr eine Amtszeit von einem Jahr gew\u00e4hlt werden. Seine Aufgaben sind, die T\u00e4tigkeit der Organe der Studierendenschaft und ihrer Aussch\u00fcsse zu \u00fcberwachen und die Satzungen und Ordnungen der Studierendenschaft auszulegen.<\/p>\n<p style=\"text-align: justify;\">Zu ihm geh\u00f6ren:<\/p>\n<p style=\"text-align: justify;\"><strong>Tabea Herbst <\/strong>- Vorsitzende<\/p>\n<p style=\"text-align: justify;\"><strong>Nils Baum <\/strong>- Stellv. Vorsitzender<\/p>\n<p style=\"text-align: justify;\"><strong>Finn Grundmann <\/strong>-\u00a0 Stellv. Vorsitzender<\/p>\n<p style=\"text-align: justify;\"><strong>Thyra Gordon <\/strong>-\u00a0 Stellv. Vorsitzende<\/p>\n<p style=\"text-align: justify;\"><strong>Florian Reetz <\/strong>- Stellv. Vorsitzender<\/p>\n<p style=\"text-align: justify;\">Den \u00c4ltestenrat k\u00f6nnt ihr erreichen unter: <a class=\"mailto-link\" href=\"mailto:aeltestenrat@uni-hannover.de\" target=\"_blank\" rel=\"noopener\">aeltestenrat@uni-hannover.de<\/a><\/p>\nHochschul\u00f6ffentlich ist der \u00c4ltestenrat zu finden unter: https:\/\/studip.uni-hannover.de\/dispatch.php\/course\/overview?cid=08e203f263f6f2d6d0d40d7ef205b374\u00a0 (StudIP-Gruppe des \u00c4ltestenrats)","_de_post_name":"altestenrat","_de_post_excerpt":"","_de_post_title":"\u00c4ltestenrat","_en_post_content":"","_en_post_name":"","_en_post_excerpt":"","_en_post_title":"","_es_post_content":"","_es_post_name":"","_es_post_excerpt":"","_es_post_title":"","edit_language":"es","footnotes":""},"class_list":["post-203","page","type-page","status-publish","hentry"],"_links":{"self":[{"href":"https:\/\/asta-hannover.de\/es\/wp-json\/wp\/v2\/pages\/203","targetHints":{"allow":["GET"]}}],"collection":[{"href":"https:\/\/asta-hannover.de\/es\/wp-json\/wp\/v2\/pages"}],"about":[{"href":"https:\/\/asta-hannover.de\/es\/wp-json\/wp\/v2\/types\/page"}],"author":[{"embeddable":true,"href":"https:\/\/asta-hannover.de\/es\/wp-json\/wp\/v2\/users\/5"}],"replies":[{"embeddable":true,"href":"https:\/\/asta-hannover.de\/es\/wp-json\/wp\/v2\/comments?post=203"}],"version-history":[{"count":2,"href":"https:\/\/asta-hannover.de\/es\/wp-json\/wp\/v2\/pages\/203\/revisions"}],"predecessor-version":[{"id":9377,"href":"https:\/\/asta-hannover.de\/es\/wp-json\/wp\/v2\/pages\/203\/revisions\/9377"}],"up":[{"embeddable":true,"href":"https:\/\/asta-hannover.de\/es\/wp-json\/wp\/v2\/pages\/226"}],"wp:attachment":[{"href":"https:\/\/asta-hannover.de\/es\/wp-json\/wp\/v2\/media?parent=203"}],"curies":[{"name":"wp","href":"https:\/\/api.w.org\/{rel}","templated":true}]}}