{"id":175,"date":"2012-08-21T13:00:37","date_gmt":"2012-08-21T11:00:37","guid":{"rendered":"http:\/\/www.asta-hannover.de\/?page_id=175"},"modified":"2023-02-12T14:00:25","modified_gmt":"2023-02-12T13:00:25","slug":"","status":"publish","type":"page","link":"https:\/\/asta-hannover.de\/es\/publikationen\/eliten-und-untertanen\/","title":{"rendered":"","raw":""},"content":{"rendered":"","protected":false,"raw":""},"excerpt":{"rendered":"","protected":false,"raw":""},"author":5,"featured_media":0,"parent":92,"menu_order":0,"comment_status":"closed","ping_status":"closed","template":"sidebar-page.php","meta":{"_de_post_content":"&nbsp;\n\nVon \"Eliten und Untertanen\" berichtet der Verbindungsreader, den der AStA unter der Mitarbeit von Felix Sch\u00fcrmann herausgibt. Der \u00e4u\u00dferst lesenswerte Reader ist im September 2008 in der zweiten Auflage erschienen und im AStA, sowie hier als Download erh\u00e4ltlich. Das zunehmende Problembewu\u00dftsein f\u00fcr die j\u00fcngsten Entwicklungen des Rechtsexteminsmus in Deutschland l\u00e4sst auch studentische Verbindungen verst\u00e4rkt ins Blickfeld der \u00d6ffentlichkeit r\u00fccken: F\u00fchrende Rechtsextremisten gehen bei einigen Burschenschaften ein und aus, andere Verbindungen stehen unter Beobachtung des Verfassungsschutzes und der bayrische Innenminister Beckstein (CSU) warnte bereits vor einer Unterwanderung der Hochschulen durch rechtsextreme Verbindungsstudenten. Der Reader will \u00fcber die Hintergr\u00fcnde dieser Entwicklung informieren, zentrale Aspekte des Verbindungswesens aus der Geschichte und Gegenwart in den Blick nehmen und nicht zuletzt \u00fcber die Verbindungen in Hannover aufkl\u00e4ren.\n\n<a href=\"https:\/\/test.asta-hannover.de\/wp-content\/uploads\/2013\/02\/eliten_und_untertanen-1.pdf\">Eliten und Untertanen<\/a>\n\n-------------\n\nUnser Reader \u00fcber Verbindungen und Burschenschaften ist noch nicht \u00fcberarbeitet. Da wir das sehr gr\u00fcndlich machen und neue Wege der Kritik beschreiten wollen, wird das auch noch eine Weile dauern.\n\nDa wir aber nicht zuletzt nach der Vollversammlung 2014 sehen mussten, dass sich Verbinder und Burschenschafter wieder vermehrt versuchen einzumischen, wollen wir euch nicht die M\u00f6glichkeiten nehmen, euch zu informieren und zu eigenen Urteilen zu kommen. Deshalb findet ihr hier einige Reader anderer ASten und Organisationen \u00fcber Verbindungen und Burschenschaften.\n\n<a href=\"https:\/\/test.asta-hannover.de\/wp-content\/uploads\/2012\/08\/clubhausia_reader2.pdf\">Mitbewohner gesucht - Reader aus T\u00fcbingen, 2013<\/a>\n\n<a href=\"https:\/\/test.asta-hannover.de\/wp-content\/uploads\/2012\/08\/GuteNacht-1.pdf\">Gute Nacht, Burschenschaft - Reader aus Berlin, 2012\/13<\/a>\n\n<a href=\"http:\/\/studieren.blogsport.eu\/files\/2013\/10\/autoritaerelitaerreaktionaer-reader-1.pdf\">Autorit\u00e4r, Elit\u00e4r, Reaktion\u00e4r - Reader auf Frankfurt, 2012 <\/a>\n\n<a href=\"https:\/\/test.asta-hannover.de\/wp-content\/uploads\/2012\/08\/einalterhut-reader.pdf\">Ein alter Hut - Reader aus Dresden, 2011<\/a>\n\n<a href=\"https:\/\/test.asta-hannover.de\/wp-content\/uploads\/2012\/08\/Berlin-Elite-und-Untertanen.pdf\">Elite und Untertanen - Reader aus Berlin, 2009 <\/a>\n\n<a href=\"https:\/\/test.asta-hannover.de\/wp-content\/uploads\/2012\/08\/disconnect.pdf\">disconnect - Reader aus M\u00fcnster, 2007<\/a>\n\n<a href=\"https:\/\/test.asta-hannover.de\/wp-content\/uploads\/2012\/08\/Heidelberg-Du-Feine.pdf\">Heidelberg, Du Feine - Reader aus Heidelberg, 2006<\/a>\n\n<a href=\"http:\/\/www.antifa-ak.de\/reader\/Goettingen%20-%20Werte,%20Wichs%20und%20Waffenbrueder.pdf\">Werte, Wichs und Waffenbr\u00fcder - Reader aus G\u00f6ttingen, 2005<\/a>\n\n<a href=\"https:\/\/test.asta-hannover.de\/wp-content\/uploads\/2012\/08\/tuberlin-reader-1.pdf\">Reader gegen studentische Verbindungen - Reader aus Berlin, 2005<\/a>\n\n<a href=\"https:\/\/test.asta-hannover.de\/wp-content\/uploads\/2012\/08\/verbindungsunwesen-reader-1.pdf\">Verbindungs-(un)wesen - Reader aus D\u00fcsseldorf, 2002<\/a>\n\n<a href=\"https:\/\/test.asta-hannover.de\/wp-content\/uploads\/2012\/08\/herrschaftszeiten.pdf\">HERRschaftszeiten nochmal - Reader aus Mainz, 2001<\/a>\n\n&nbsp;\n\n&nbsp;","_de_post_name":"eliten-und-untertanen","_de_post_excerpt":"Verbindungsreader des AStA 2008","_de_post_title":"Verbindungen und Burschenschaften: Eliten und Untertanen","_en_post_content":"","_en_post_name":"","_en_post_excerpt":"","_en_post_title":"","_es_post_content":"","_es_post_name":"","_es_post_excerpt":"","_es_post_title":"","edit_language":"es","footnotes":""},"class_list":["post-175","page","type-page","status-publish","hentry"],"_links":{"self":[{"href":"https:\/\/asta-hannover.de\/es\/wp-json\/wp\/v2\/pages\/175","targetHints":{"allow":["GET"]}}],"collection":[{"href":"https:\/\/asta-hannover.de\/es\/wp-json\/wp\/v2\/pages"}],"about":[{"href":"https:\/\/asta-hannover.de\/es\/wp-json\/wp\/v2\/types\/page"}],"author":[{"embeddable":true,"href":"https:\/\/asta-hannover.de\/es\/wp-json\/wp\/v2\/users\/5"}],"replies":[{"embeddable":true,"href":"https:\/\/asta-hannover.de\/es\/wp-json\/wp\/v2\/comments?post=175"}],"version-history":[{"count":1,"href":"https:\/\/asta-hannover.de\/es\/wp-json\/wp\/v2\/pages\/175\/revisions"}],"predecessor-version":[{"id":8723,"href":"https:\/\/asta-hannover.de\/es\/wp-json\/wp\/v2\/pages\/175\/revisions\/8723"}],"up":[{"embeddable":true,"href":"https:\/\/asta-hannover.de\/es\/wp-json\/wp\/v2\/pages\/92"}],"wp:attachment":[{"href":"https:\/\/asta-hannover.de\/es\/wp-json\/wp\/v2\/media?parent=175"}],"curies":[{"name":"wp","href":"https:\/\/api.w.org\/{rel}","templated":true}]}}