{"id":135,"date":"2012-08-20T18:03:18","date_gmt":"2012-08-20T16:03:18","guid":{"rendered":"http:\/\/www.asta-hannover.de\/?page_id=135"},"modified":"2023-03-15T21:33:42","modified_gmt":"2023-03-15T20:33:42","slug":"","status":"publish","type":"page","link":"https:\/\/asta-hannover.de\/es\/angebote\/mobilitat\/fahrradwerkstatten\/","title":{"rendered":"","raw":""},"content":{"rendered":"","protected":false,"raw":""},"excerpt":{"rendered":"","protected":false,"raw":""},"author":5,"featured_media":0,"parent":142,"menu_order":0,"comment_status":"closed","ping_status":"closed","template":"","meta":{"_de_post_content":"<!-- wp:paragraph -->\n<p><strong>Wie und wo Du dein Rad wieder funktionst\u00fcchtig machen kannst, erf\u00e4hrst Du hier.<\/strong><\/p>\n<!-- \/wp:paragraph -->\n\n<!-- wp:paragraph -->\n<p>Der AStA hat Vertr\u00e4ge mit 3 Fahrradwerkst\u00e4tten in Hannover abgeschlossen. Hier k\u00f6nnen Studierende der Uni ihr Fahrrad verg\u00fcnstigt reparieren (lassen).<br>F\u00fcr diesen Service zahlen alle nichtbeurlaubte Studierende 0,91\u20ac. Auch wenn dein Fahrrad gut in Schuss ist oder Du gar keines besitzt unterst\u00fctzt Du mit diesem Beitrag zum einen andere Studierende, die diesen Service nutzen. Der verg\u00fcnstigte Nutzungsbetrag ist nur durch das solidarische System m\u00f6glich.Zum anderen werden mit dieser Zahlung auch die Fahrradwerkst\u00e4tten unterst\u00fctzt, die junge Erwerbslose ins Berufsleben integrieren m\u00f6chten.<\/p>\n<!-- \/wp:paragraph -->\n\n<!-- wp:paragraph -->\n<p>Bei den Fahrradwerkst\u00e4tten pro Beruf und ASG k\u00f6nnt ihr die Fahrr\u00e4der abgeben. Die Reperatur dauert in den meisten F\u00e4llen ein paar Tage. Ihr zahlt nur die Materialkosten - die Arbeitszeit muss nicht bezahlt werden. Bei der Fahradwerkstatt \"Glocksee\" m\u00fcsst ihr selber schrauben. Hier k\u00f6nnt ihr die Werkzeuge und R\u00e4umlichkeiten kostenlos nutzen.<\/p>\n<!-- \/wp:paragraph -->\n\n<!-- wp:paragraph -->\n<p><span style=\"font-family: HelveticaNeueLT Std, sans-serif;\"><span style=\"font-size: small;\"><strong>Arbeits- und Sozialberatungsgesellschaft (ASG)<\/strong>:<br><\/span><\/span><span style=\"font-family: HelveticaNeueLT Std, sans-serif;\"><span style=\"font-size: small;\">(Fahrradwerkstatt Ahlem)<br><\/span><\/span><span style=\"font-family: HelveticaNeueLT Std, sans-serif;\"><span style=\"font-size: small;\">Heisterbergallee 60<br><\/span><\/span>\u260e <span style=\"font-family: HelveticaNeueLT Std, sans-serif;\"><span style=\"font-size: small;\">0511 - 443 232<br><\/span><\/span>\u270f <span style=\"font-family: HelveticaNeueLT Std, sans-serif;\"><span style=\"font-size: small;\">http:\/\/www.asg-hannover.de\/<\/span><\/span><\/p>\n<!-- \/wp:paragraph -->\n\n<!-- wp:paragraph -->\n<p><span style=\"font-family: HelveticaNeueLT Std, sans-serif;\"><span style=\"font-size: small;\"><strong>Pro Beruf GmbH Fahrradwerkstatt:<\/strong><br><\/span><\/span><span style=\"font-family: HelveticaNeueLT Std, sans-serif;\"><span style=\"font-size: small;\">Bonifatiusplatz 1\/2 (List)<br><\/span><\/span>\u260e <span style=\"font-family: HelveticaNeueLT Std, sans-serif;\"><span style=\"font-size: small;\">0511 - 633 293<br><\/span><\/span>\u270f <span style=\"font-family: HelveticaNeueLT Std, sans-serif;\"><span style=\"font-size: small;\">http:\/\/www.pro-beruf.de\/fahrradwerkstatt.html<\/span><\/span><\/p>\n<!-- \/wp:paragraph -->\n\n<!-- wp:paragraph -->\n<p><span style=\"font-family: HelveticaNeueLT Std, sans-serif;\"><span style=\"font-size: small;\"><strong>Fahrradwerkstatt Glocksee<\/strong>:<br>Klaus-M\u00fcller-Kilian-Weg 2 (Nordstadt)<br><\/span><\/span>\u260e <span style=\"font-family: HelveticaNeueLT Std, sans-serif;\"><span style=\"font-size: small;\">0511 - 713 335<br><\/span><\/span>\u270f <span style=\"font-family: HelveticaNeueLT Std, sans-serif;\"><span style=\"font-size: small;\">http:\/\/www.fahrradwerkstatt-hannover.de\/<\/span><\/span><\/p>\n<!-- \/wp:paragraph -->","_de_post_name":"fahrradwerkstatten","_de_post_excerpt":"","_de_post_title":"Fahrradwerkst\u00e4tten","_en_post_content":"<!-- wp:paragraph -->\n<p>The AStA has contracts with three different repair shops in Hannover, in which you can either repair your bicycle yourself or have it repaired for a lot less money than usual. This scheme works because of our solidary system of payments. Every student pays 0.91 \u20ac per semester \u2013 even if he or she doesn't have a bike or never makes use of the service. <\/p>\n<!-- \/wp:paragraph -->\n\n<!-- wp:paragraph -->\n<p>We also choose repair-shops which are willing to integrate unemployed persons into the professional life. At \u201epro Beruf\u201c and \u201eASG\u201c you can leave your bike and get it repaired. Normally it only takes a couple of days. You only pay the cost of materials and new parts \u2013 not the amount of work. <\/p>\n<!-- \/wp:paragraph -->\n\n<!-- wp:paragraph -->\n<p>The \u201eGlocksee\u201c is a Do-It-Yourself repair shop. You can use their spaces and tools for free.<\/p>\n<!-- \/wp:paragraph -->\n\n<!-- wp:paragraph -->\n<p><strong>Arbeits- und Sozialberatungsgesellschaft (ASG):<\/strong><br>(Fahrradwerkstatt Ahlem)<br>Heisterbergallee 99<br>Opening hours:<br>Mon \u2013 Thu. 8 \u2013 15.30 h<br>Fri. 8 \u2013 12 h<br>\u260e 0511 - 443 232<br>\u270f http:\/\/www.asg-hannover.de\/<\/p>\n<!-- \/wp:paragraph -->\n\n<!-- wp:paragraph -->\n<p><strong>Pro Beruf GmbH Fahrradwerkstatt:<\/strong><br>Bonifatiusplatz 1\/2 (List)<br>Opening hours:<br>Tue \u2013 Fri 13.30 \u2013 18 h<br>Wed 10.30 \u2013 12.30 &amp; 13.30 \u2013 18 h<br>\u260e 0511 - 633 293<br>\u270f http:\/\/www.pro-beruf.de\/fahrradwerkstatt.html<\/p>\n<!-- \/wp:paragraph -->\n\n<!-- wp:paragraph -->\n<p><strong>Fahrradwerkstatt Glocksee:<\/strong><br>Schaufelder Stra\u00dfe 30 (Nordstadt)<br>Opening hours:<br>Mon | Wed 16:00 \u2013 19:00 &amp; Thu 10:00 - 13:00<br>\u270f http:\/\/www.fahrradwerkstatt-hannover.de\/<br>\u260e Tel: 0511 \u2013 713 335<\/p>\n<!-- \/wp:paragraph -->","_en_post_name":"","_en_post_excerpt":"","_en_post_title":"Bicycle Repair Shops","_es_post_content":"","_es_post_name":"","_es_post_excerpt":"","_es_post_title":"","edit_language":"es","footnotes":""},"class_list":["post-135","page","type-page","status-publish","hentry"],"_links":{"self":[{"href":"https:\/\/asta-hannover.de\/es\/wp-json\/wp\/v2\/pages\/135","targetHints":{"allow":["GET"]}}],"collection":[{"href":"https:\/\/asta-hannover.de\/es\/wp-json\/wp\/v2\/pages"}],"about":[{"href":"https:\/\/asta-hannover.de\/es\/wp-json\/wp\/v2\/types\/page"}],"author":[{"embeddable":true,"href":"https:\/\/asta-hannover.de\/es\/wp-json\/wp\/v2\/users\/5"}],"replies":[{"embeddable":true,"href":"https:\/\/asta-hannover.de\/es\/wp-json\/wp\/v2\/comments?post=135"}],"version-history":[{"count":3,"href":"https:\/\/asta-hannover.de\/es\/wp-json\/wp\/v2\/pages\/135\/revisions"}],"predecessor-version":[{"id":8847,"href":"https:\/\/asta-hannover.de\/es\/wp-json\/wp\/v2\/pages\/135\/revisions\/8847"}],"up":[{"embeddable":true,"href":"https:\/\/asta-hannover.de\/es\/wp-json\/wp\/v2\/pages\/142"}],"wp:attachment":[{"href":"https:\/\/asta-hannover.de\/es\/wp-json\/wp\/v2\/media?parent=135"}],"curies":[{"name":"wp","href":"https:\/\/api.w.org\/{rel}","templated":true}]}}