{"id":117,"date":"2012-08-20T17:53:55","date_gmt":"2012-08-20T15:53:55","guid":{"rendered":"http:\/\/www.asta-hannover.de\/?page_id=117"},"modified":"2022-09-20T21:59:36","modified_gmt":"2022-09-20T19:59:36","slug":"","status":"publish","type":"page","link":"https:\/\/asta-hannover.de\/es\/asta\/sb-stellen\/frauen-und-geschlechterpolitik\/","title":{"rendered":"","raw":""},"content":{"rendered":"","protected":false,"raw":""},"excerpt":{"rendered":"","protected":false,"raw":""},"author":5,"featured_media":0,"parent":6118,"menu_order":0,"comment_status":"closed","ping_status":"closed","template":"","meta":{"_de_post_content":"Hallo!\n\nIch bin die Sachbearbeiterin f\u00fcr Frauen- und Geschlechterpolitik im AStA. Als diese m\u00f6chte ich \u00fcber Diskriminierungen aufgrund von Geschlecht und sexueller Orientierung aufkl\u00e4ren und zum kritischen Hinterfragen der bestehenden Verh\u00e4ltnisse anregen. Dabei sollen die \u201eHochschultage zum Geschlechterverh\u00e4ltnis und dar\u00fcber hinaus\u201c die M\u00f6glichkeit bieten, einen Einstieg in die Thematik zu finden oder sich weiterhin mit dieser auseinanderzusetzen. Gerade nach der Abschaffung der Gender Studies an der Universit\u00e4t Hannover m\u00f6chte ich mithilfe der Veranstaltungen einen Raum schaffen, in dem es weiterhin m\u00f6glich ist, sich mit diesen Themen auseinanderzusetzen. Denn die gesellschaftliche Realit\u00e4t zeigt, dass es notwendig ist. Das wird auch von der universit\u00e4ren Realit\u00e4t widergespiegelt. Aus diesem Grund m\u00f6chte ich mit meiner Sprechstunde eine Anlaufstelle f\u00fcr alle Studentinnen bieten, die Diskriminierungen aufgrund ihres Geschlechts oder sexueller Orientierung erfahren haben. Scheut euch also nicht, mit Problemen oder Fragen zu mir zu kommen!\n\nInfos zu aktuellen Projekten und Veranstaltungen der Frauen- und Geschlechterpolitik SB-Stelle findet ihr auf der AStA Homepage.\n\nE-mail: <a href=\"mailto:fgp@asta-hannover.de\">fgp@asta-hannover.de<\/a>\n\nSprechstunde nach Absprache\n\n&nbsp;\n\n&nbsp;","_de_post_name":"frauen-und-geschlechterpolitik","_de_post_excerpt":"","_de_post_title":"Frauen- und Geschlechterpolitik","_en_post_content":"","_en_post_name":"","_en_post_excerpt":"","_en_post_title":"","_es_post_content":"","_es_post_name":"","_es_post_excerpt":"","_es_post_title":"","edit_language":"es","footnotes":""},"class_list":["post-117","page","type-page","status-publish","hentry"],"_links":{"self":[{"href":"https:\/\/asta-hannover.de\/es\/wp-json\/wp\/v2\/pages\/117","targetHints":{"allow":["GET"]}}],"collection":[{"href":"https:\/\/asta-hannover.de\/es\/wp-json\/wp\/v2\/pages"}],"about":[{"href":"https:\/\/asta-hannover.de\/es\/wp-json\/wp\/v2\/types\/page"}],"author":[{"embeddable":true,"href":"https:\/\/asta-hannover.de\/es\/wp-json\/wp\/v2\/users\/5"}],"replies":[{"embeddable":true,"href":"https:\/\/asta-hannover.de\/es\/wp-json\/wp\/v2\/comments?post=117"}],"version-history":[{"count":1,"href":"https:\/\/asta-hannover.de\/es\/wp-json\/wp\/v2\/pages\/117\/revisions"}],"predecessor-version":[{"id":8491,"href":"https:\/\/asta-hannover.de\/es\/wp-json\/wp\/v2\/pages\/117\/revisions\/8491"}],"up":[{"embeddable":true,"href":"https:\/\/asta-hannover.de\/es\/wp-json\/wp\/v2\/pages\/6118"}],"wp:attachment":[{"href":"https:\/\/asta-hannover.de\/es\/wp-json\/wp\/v2\/media?parent=117"}],"curies":[{"name":"wp","href":"https:\/\/api.w.org\/{rel}","templated":true}]}}