{"id":102,"date":"2012-08-20T17:44:17","date_gmt":"2012-08-20T15:44:17","guid":{"rendered":"http:\/\/www.asta-hannover.de\/?page_id=102"},"modified":"2025-10-22T13:47:01","modified_gmt":"2025-10-22T11:47:01","slug":"","status":"publish","type":"page","link":"https:\/\/asta-hannover.de\/es\/kontakt\/","title":{"rendered":"","raw":""},"content":{"rendered":"","protected":false,"raw":""},"excerpt":{"rendered":"","protected":false,"raw":""},"author":5,"featured_media":0,"parent":0,"menu_order":0,"comment_status":"closed","ping_status":"closed","template":"","meta":{"_de_post_content":"<!-- wp:group {\"metadata\":{\"name\":\"Kontaktdaten\"},\"style\":{\"spacing\":{\"blockGap\":\"var:preset|spacing|30\",\"margin\":{\"top\":\"var:preset|spacing|20\",\"bottom\":\"var:preset|spacing|20\"},\"padding\":{\"right\":\"0\",\"left\":\"0\"}}},\"layout\":{\"type\":\"constrained\"}} -->\n<div class=\"wp-block-group\" style=\"margin-top:var(--wp--preset--spacing--20);margin-bottom:var(--wp--preset--spacing--20);padding-right:0;padding-left:0\"><!-- wp:heading -->\n<h2 class=\"wp-block-heading\">Gesch\u00e4ftszimmer<\/h2>\n<!-- \/wp:heading -->\n\n<!-- wp:paragraph -->\n<p><strong><strong>Postadresse<\/strong><\/strong><br>AStA Uni Hannover<br>Welfengarten 1<br>30167 Hannover<\/p>\n<!-- \/wp:paragraph -->\n\n<!-- wp:paragraph -->\n<p><strong>Besuchsadresse<\/strong><br>Theodor-Lessing-Haus<br>Welfengarten 2c<br>30167 Hannover<\/p>\n<!-- \/wp:paragraph -->\n\n<!-- wp:paragraph -->\n<p><br>Telefon: 05 11 \/ 762 - 5061<br>Fax: 05 11 \/ 717 441<br>E-Mail: info [at] asta-hannover.de<\/p>\n<!-- \/wp:paragraph --><\/div>\n<!-- \/wp:group -->\n\n<!-- wp:group {\"style\":{\"spacing\":{\"blockGap\":\"var:preset|spacing|30\"}},\"layout\":{\"type\":\"constrained\"}} -->\n<div class=\"wp-block-group\"><!-- wp:paragraph -->\n<p><strong>\u00d6ffnungszeiten<\/strong><\/p>\n<!-- \/wp:paragraph -->\n\n<!-- wp:table {\"className\":\"is-style-stripes\",\"backgroundColor\":\"base\",\"fontSize\":\"small\"} -->\n<figure class=\"wp-block-table is-style-stripes has-small-font-size\"><table class=\"has-base-background-color has-background has-fixed-layout\"><tbody><tr><td>Montag<\/td><td>Dienstag<\/td><td>Mittwoch<\/td><td>Donnerstag<\/td><td>Freitag<\/td><\/tr><tr><td>10:00-18:00<\/td><td>10:00-18:00<\/td><td>10:00-18:00<\/td><td>10:00-18:00<\/td><td>10:00-18:00<\/td><\/tr><\/tbody><\/table><\/figure>\n<!-- \/wp:table --><\/div>\n<!-- \/wp:group -->\n\n<!-- wp:group {\"style\":{\"spacing\":{\"padding\":{\"right\":\"var:preset|spacing|50\",\"left\":\"var:preset|spacing|50\"},\"margin\":{\"top\":\"var:preset|spacing|40\",\"bottom\":\"var:preset|spacing|40\"},\"blockGap\":\"var:preset|spacing|30\"}},\"layout\":{\"type\":\"constrained\"}} -->\n<div class=\"wp-block-group\" style=\"margin-top:var(--wp--preset--spacing--40);margin-bottom:var(--wp--preset--spacing--40);padding-right:var(--wp--preset--spacing--50);padding-left:var(--wp--preset--spacing--50)\"><!-- wp:paragraph -->\n<p><strong>Anfahrt<\/strong><br>Vom Hauptbahnhof Hannover mit den Stra\u00dfenbahnlinien 1, 2, 3, 7, 8 oder 9 eine Station stadteinw\u00e4rts bis Kr\u00f6pcke fahren, dort umsteigen in die Linie 4 (Richtung Garbsen) oder 5 (Richtung St\u00f6cken) und bis zur Haltestelle Leibniz Universit\u00e4t fahren. Der AStA befindet sich im Theodor-Lessing-Haus, rechts hinter dem Hauptgeb\u00e4ude der Universit\u00e4t.<\/p>\n<!-- \/wp:paragraph -->\n\n<!-- wp:heading -->\n<h2 class=\"wp-block-heading\">Serviceb\u00fcro<\/h2>\n<!-- \/wp:heading -->\n\n<!-- wp:paragraph -->\n<p>Hauptmensa<br>Callinstra\u00dfe 23<br>30167 Hannover<br>Telefon: 0511 762 5066<br>Mail: service [at] asta-hannover.de<\/p>\n<!-- \/wp:paragraph -->\n\n<!-- wp:paragraph -->\n<p><strong>\u00d6ffnungszeiten<\/strong><\/p>\n<!-- \/wp:paragraph -->\n\n<!-- wp:paragraph -->\n<p>bis auf Weiteres via Mail<\/p>\n<!-- \/wp:paragraph --><\/div>\n<!-- \/wp:group -->","_de_post_name":"kontakt","_de_post_excerpt":"","_de_post_title":"Kontakt","_en_post_content":"<!-- wp:heading -->\n<h2 class=\"wp-block-heading\" id=\"block-d8220f67-272b-49af-98d1-2048418eecc8\">Main Office<\/h2>\n<!-- \/wp:heading -->\n\n<!-- wp:paragraph -->\n<p id=\"block-4df894fe-46a1-40a1-8bf3-ac1e2b3be00b\"><strong>Postal address<\/strong><br>AStA Uni Hannover<br>Welfengarten 1<br>30167 Hannover<\/p>\n<!-- \/wp:paragraph -->\n\n<!-- wp:paragraph -->\n<p id=\"block-5eb38c52-fa19-40e5-b1d1-6c3ef85c2dda\"><strong>Visiting Address<\/strong><br>Theodor-Lessing-Haus<br>Welfengarten 2c<br>30167 Hannover<\/p>\n<!-- \/wp:paragraph -->\n\n<!-- wp:paragraph -->\n<p id=\"block-2d6e4de9-969d-43d2-96bd-a87d589c6fbc\"><br>Phone: 05 11 \/ 762 - 5061<br>Fax: 05 11 \/ 717 441<br>E-Mail: info [at] asta-hannover.de<\/p>\n<!-- \/wp:paragraph -->\n\n<!-- wp:paragraph -->\n<p id=\"block-aaa1f001-f5d0-4bcc-9cbe-5c23389db668\"><strong>Office Hours<\/strong><\/p>\n<!-- \/wp:paragraph -->\n\n<!-- wp:table {\"className\":\"is-style-stripes\"} -->\n<figure class=\"wp-block-table is-style-stripes\"><table><tbody><tr><td>Monday<\/td><td>Tuesday<\/td><td>Wednesday<\/td><td>Thursday<\/td><td>Friday<\/td><\/tr><tr><td>10:00-16:00<\/td><td>10:00-16:00<\/td><td>10:00-16:00<\/td><td>10:00-16:00<\/td><td>closed<\/td><\/tr><\/tbody><\/table><\/figure>\n<!-- \/wp:table -->\n\n<!-- wp:paragraph -->\n<p>\ufeff<\/p>\n<!-- \/wp:paragraph -->\n\n<!-- wp:paragraph -->\n<p id=\"block-78b337c7-dd24-4772-8022-75281e2211f2\"><strong>How to get there<\/strong><\/p>\n<!-- \/wp:paragraph -->\n\n<!-- wp:paragraph -->\n<p id=\"block-78b337c7-dd24-4772-8022-75281e2211f2\">From the main station, take tram lines 1, 2, 3, 7, 8 or 9 one stop inwards to Kr\u00f6pcke, change there to line 4 (direction Garbsen) or 5 (direction St\u00f6cken) and get off at the Leibniz Universit\u00e4t stop. The AStA is located in the Theodor-Lessing-Haus, on the right side behind the university's main building.<\/p>\n<!-- \/wp:paragraph -->\n\n<!-- wp:heading -->\n<h2 class=\"wp-block-heading\" id=\"block-d9163758-79ac-4110-8f83-e587fb81191d\">Service office<\/h2>\n<!-- \/wp:heading -->\n\n<!-- wp:paragraph -->\n<p id=\"block-a096ccba-084f-4c84-bb43-4a0e7e3d0858\">Hauptmensa<br>Callinstra\u00dfe 23<br>30167 Hannover<br>Phone: 0511 762 5066<br>Mail: service [at] asta-hannover.de<\/p>\n<!-- \/wp:paragraph -->\n\n<!-- wp:paragraph -->\n<p id=\"block-6a5d6545-1e11-405a-97a3-72b47b0df8a2\"><strong>Office Hours<\/strong><\/p>\n<!-- \/wp:paragraph -->\n\n<!-- wp:paragraph -->\n<p id=\"block-3b4de816-8e6f-4bf1-9102-3fabff5e7c24\">Please make an appointment by mail.<\/p>\n<!-- \/wp:paragraph -->","_en_post_name":"","_en_post_excerpt":"","_en_post_title":"Contact","_es_post_content":"","_es_post_name":"","_es_post_excerpt":"","_es_post_title":"","edit_language":"es","footnotes":""},"class_list":["post-102","page","type-page","status-publish","hentry"],"_links":{"self":[{"href":"https:\/\/asta-hannover.de\/es\/wp-json\/wp\/v2\/pages\/102","targetHints":{"allow":["GET"]}}],"collection":[{"href":"https:\/\/asta-hannover.de\/es\/wp-json\/wp\/v2\/pages"}],"about":[{"href":"https:\/\/asta-hannover.de\/es\/wp-json\/wp\/v2\/types\/page"}],"author":[{"embeddable":true,"href":"https:\/\/asta-hannover.de\/es\/wp-json\/wp\/v2\/users\/5"}],"replies":[{"embeddable":true,"href":"https:\/\/asta-hannover.de\/es\/wp-json\/wp\/v2\/comments?post=102"}],"version-history":[{"count":6,"href":"https:\/\/asta-hannover.de\/es\/wp-json\/wp\/v2\/pages\/102\/revisions"}],"predecessor-version":[{"id":9692,"href":"https:\/\/asta-hannover.de\/es\/wp-json\/wp\/v2\/pages\/102\/revisions\/9692"}],"wp:attachment":[{"href":"https:\/\/asta-hannover.de\/es\/wp-json\/wp\/v2\/media?parent=102"}],"curies":[{"name":"wp","href":"https:\/\/api.w.org\/{rel}","templated":true}]}}