{"id":8941,"date":"2023-03-16T20:02:06","date_gmt":"2023-03-16T19:02:06","guid":{"rendered":"https:\/\/test.asta-hannover.de\/?page_id=8941"},"modified":"2023-03-16T20:44:17","modified_gmt":"2023-03-16T19:44:17","slug":"","status":"publish","type":"page","link":"https:\/\/asta-hannover.de\/en\/en\/asta\/sb-stellen\/sb-stelle-archiv\/","title":{"rendered":"","raw":""},"content":{"rendered":"","protected":false,"raw":""},"excerpt":{"rendered":"","protected":false,"raw":""},"author":5,"featured_media":0,"parent":6118,"menu_order":0,"comment_status":"closed","ping_status":"closed","template":"","meta":{"_de_post_content":"<!-- wp:paragraph -->\n<p>Die Aufgabe der Sachbearbeitungsstelle Archiv ist es, die Katalogisierung, Verschlagwortung und Enteisung (Entfernung korrodierender Metallteile) vorhandener Archivbest\u00e4nde des AStAs in den Gesch\u00e4ftszimmerr\u00e4umen und dem Keller weiter voranzutreiben. Die Organisation der Digitalisierung des Archivs geh\u00f6rt ebenfalls zum Aufgabenbereich. <\/p>\n<!-- \/wp:paragraph -->\n\n<!-- wp:custom-related-posts\/related-posts {\"title\":\"Verwandte Seiten\"} \/-->","_de_post_name":"sb-stelle-archiv","_de_post_excerpt":"","_de_post_title":"SB-Stelle Archiv","_en_post_content":"","_en_post_name":"","_en_post_excerpt":"","_en_post_title":"","_es_post_content":"","_es_post_name":"","_es_post_excerpt":"","_es_post_title":"","edit_language":"en","footnotes":""},"class_list":["post-8941","page","type-page","status-publish","hentry"],"_links":{"self":[{"href":"https:\/\/asta-hannover.de\/en\/en\/wp-json\/wp\/v2\/pages\/8941","targetHints":{"allow":["GET"]}}],"collection":[{"href":"https:\/\/asta-hannover.de\/en\/en\/wp-json\/wp\/v2\/pages"}],"about":[{"href":"https:\/\/asta-hannover.de\/en\/en\/wp-json\/wp\/v2\/types\/page"}],"author":[{"embeddable":true,"href":"https:\/\/asta-hannover.de\/en\/en\/wp-json\/wp\/v2\/users\/5"}],"replies":[{"embeddable":true,"href":"https:\/\/asta-hannover.de\/en\/en\/wp-json\/wp\/v2\/comments?post=8941"}],"version-history":[{"count":2,"href":"https:\/\/asta-hannover.de\/en\/en\/wp-json\/wp\/v2\/pages\/8941\/revisions"}],"predecessor-version":[{"id":8971,"href":"https:\/\/asta-hannover.de\/en\/en\/wp-json\/wp\/v2\/pages\/8941\/revisions\/8971"}],"up":[{"embeddable":true,"href":"https:\/\/asta-hannover.de\/en\/en\/wp-json\/wp\/v2\/pages\/6118"}],"wp:attachment":[{"href":"https:\/\/asta-hannover.de\/en\/en\/wp-json\/wp\/v2\/media?parent=8941"}],"curies":[{"name":"wp","href":"https:\/\/api.w.org\/{rel}","templated":true}]}}