{"id":8860,"date":"2023-03-15T22:14:17","date_gmt":"2023-03-15T21:14:17","guid":{"rendered":"https:\/\/test.asta-hannover.de\/?page_id=8860"},"modified":"2024-06-11T13:32:25","modified_gmt":"2024-06-11T11:32:25","slug":"","status":"publish","type":"page","link":"https:\/\/asta-hannover.de\/en\/en\/asta\/asta-referate\/soziales\/","title":{"rendered":"Social Affairs","raw":"Social Affairs"},"content":{"rendered":"<p>The Department of Social Affairs is the link between the student body and the various counseling services around the university. The department tries to help students with problems both inside and outside the university \u2014 From problems with the examination regulations to accompaniment in legal dispute, private financial troubles, or housing problems.<\/p>\n\n\n\n<p>In general, the department tries to point out social concerns of the students and to look for improvement possibilities in order to tackle them actively within the student self-administration and to solve them if possible. In doing so, it works closely with the university and student counseling as well as the BAf\u00f6G and social counseling of the AStA.<\/p>\n\n\n\n<h3 class=\"wp-block-heading\">Contact<\/h3>\n\n\n\n<p><strong>mail:<\/strong> soziales [at] asta-hannover.de<\/p>\n\n\n\n<p><strong>phone:<\/strong> 0511 \u2013 762 5061 <\/p>\n\n\n\n<div class=\"wp-block-group is-vertical is-content-justification-left is-layout-flex wp-container-core-group-is-layout-dd225191 wp-block-group-is-layout-flex\">\n<div class=\"wp-block-buttons is-content-justification-center is-layout-flex wp-container-core-buttons-is-layout-a89b3969 wp-block-buttons-is-layout-flex\">\n<div class=\"wp-block-button is-style-fill\"><a class=\"wp-block-button__link wp-element-button\" href=\"https:\/\/asta-hannover.de\/en\/kontakt\/sprechstunden\/\" rel=\"\/sprechzeiten\">Office Hours<\/a><\/div>\n<\/div>\n\n\n\n<p><\/p>\n<\/div>","protected":false,"raw":"<!-- wp:paragraph -->\n<p>The Department of Social Affairs is the link between the student body and the various counseling services around the university. The department tries to help students with problems both inside and outside the university \u2014 From problems with the examination regulations to accompaniment in legal dispute, private financial troubles, or housing problems.<\/p>\n<!-- \/wp:paragraph -->\n\n<!-- wp:paragraph -->\n<p>In general, the department tries to point out social concerns of the students and to look for improvement possibilities in order to tackle them actively within the student self-administration and to solve them if possible. In doing so, it works closely with the university and student counseling as well as the BAf\u00f6G and social counseling of the AStA.<\/p>\n<!-- \/wp:paragraph -->\n\n<!-- wp:heading {\"level\":3} -->\n<h3 class=\"wp-block-heading\">Contact<\/h3>\n<!-- \/wp:heading -->\n\n<!-- wp:paragraph -->\n<p><strong>mail:<\/strong> soziales [at] asta-hannover.de<\/p>\n<!-- \/wp:paragraph -->\n\n<!-- wp:paragraph -->\n<p><strong>phone:<\/strong> 0511 \u2013 762 5061 <\/p>\n<!-- \/wp:paragraph -->\n\n<!-- wp:group {\"layout\":{\"type\":\"flex\",\"orientation\":\"vertical\",\"justifyContent\":\"left\"}} -->\n<div class=\"wp-block-group\"><!-- wp:buttons {\"layout\":{\"type\":\"flex\",\"justifyContent\":\"center\"}} -->\n<div class=\"wp-block-buttons\"><!-- wp:button {\"className\":\"is-style-fill\"} -->\n<div class=\"wp-block-button is-style-fill\"><a class=\"wp-block-button__link wp-element-button\" href=\"https:\/\/asta-hannover.de\/kontakt\/sprechstunden\/\" rel=\"\/sprechzeiten\">Office Hours<\/a><\/div>\n<!-- \/wp:button --><\/div>\n<!-- \/wp:buttons -->\n\n<!-- wp:paragraph -->\n<p><\/p>\n<!-- \/wp:paragraph --><\/div>\n<!-- \/wp:group -->"},"excerpt":{"rendered":"","protected":false,"raw":""},"author":5,"featured_media":0,"parent":8644,"menu_order":0,"comment_status":"closed","ping_status":"closed","template":"","meta":{"_de_post_content":"<!-- wp:paragraph -->\n<p>Das Referat Soziales ist die Bindeglied&nbsp;zwischen der Verfassten Studierendenschaft und den diversen Beratungsangeboten rund um die&nbsp;Universit\u00e4t. Das Referat versucht den Studierenden bei allen Problemen, die das Leben so bietet, zu helfen und gemeinsam mit anderen Stellen \u2013 innerhalb, wie au\u00dferhalb der Universit\u00e4t \u2013 zu einer Probleml\u00f6sung beizutragen. Angefangen bei Problemen mit der Pr\u00fcfungsordnung, Begleitung bei Rechtsstreitigkeiten oder bei privaten Finanzierungsproblemen, Problemen eine Unterkunft&nbsp;zu finden\u2026<\/p>\n<!-- \/wp:paragraph -->\n\n<!-- wp:paragraph -->\n<p>Generell versucht das Referat soziale Belange der Studierenden aufzuzeigen und Verbesserungsm\u00f6glichkeiten zu suchen um diese dann innerhalb der studentischen Selbstverwaltung aktiv anzugehen und m\u00f6glichst aus der Welt zu schaffen. Dabei arbeitet es vor allem eng mit der Hochschul- und Studienberatung sowie der BAf\u00f6G- und Sozialberatung des AStA zusammen.<\/p>\n<!-- \/wp:paragraph -->\n\n<!-- wp:heading {\"level\":3} -->\n<h3 class=\"wp-block-heading\">Kontakt<\/h3>\n<!-- \/wp:heading -->\n\n<!-- wp:group {\"layout\":{\"type\":\"flex\",\"orientation\":\"vertical\",\"justifyContent\":\"left\"}} -->\n<div class=\"wp-block-group\"><!-- wp:paragraph -->\n<p><strong>mail:<\/strong> soziales [at] asta-hannover.de<\/p>\n<!-- \/wp:paragraph -->\n\n<!-- wp:paragraph -->\n<p><strong>phone:<\/strong> 0511 \u2013 762 5061 <\/p>\n<!-- \/wp:paragraph -->\n\n<!-- wp:buttons {\"layout\":{\"type\":\"flex\",\"justifyContent\":\"center\"}} -->\n<div class=\"wp-block-buttons\"><!-- wp:button {\"className\":\"is-style-fill\"} -->\n<div class=\"wp-block-button is-style-fill\"><a class=\"wp-block-button__link wp-element-button\" href=\"https:\/\/asta-hannover.de\/kontakt\/sprechstunden\/\" rel=\"\/sprechzeiten\">Sprechzeiten<\/a><\/div>\n<!-- \/wp:button --><\/div>\n<!-- \/wp:buttons -->\n\n<!-- wp:paragraph -->\n<p><\/p>\n<!-- \/wp:paragraph --><\/div>\n<!-- \/wp:group -->","_de_post_name":"soziales","_de_post_excerpt":"","_de_post_title":"Referat Soziales","_en_post_content":"<!-- wp:paragraph -->\n<p>The Department of Social Affairs is the link between the student body and the various counseling services around the university. The department tries to help students with problems both inside and outside the university \u2014 From problems with the examination regulations to accompaniment in legal dispute, private financial troubles, or housing problems.<\/p>\n<!-- \/wp:paragraph -->\n\n<!-- wp:paragraph -->\n<p>In general, the department tries to point out social concerns of the students and to look for improvement possibilities in order to tackle them actively within the student self-administration and to solve them if possible. In doing so, it works closely with the university and student counseling as well as the BAf\u00f6G and social counseling of the AStA.<\/p>\n<!-- \/wp:paragraph -->\n\n<!-- wp:heading {\"level\":3} -->\n<h3 class=\"wp-block-heading\">Contact<\/h3>\n<!-- \/wp:heading -->\n\n<!-- wp:paragraph -->\n<p><strong>mail:<\/strong> soziales [at] asta-hannover.de<\/p>\n<!-- \/wp:paragraph -->\n\n<!-- wp:paragraph -->\n<p><strong>phone:<\/strong> 0511 \u2013 762 5061 <\/p>\n<!-- \/wp:paragraph -->\n\n<!-- wp:group {\"layout\":{\"type\":\"flex\",\"orientation\":\"vertical\",\"justifyContent\":\"left\"}} -->\n<div class=\"wp-block-group\"><!-- wp:buttons {\"layout\":{\"type\":\"flex\",\"justifyContent\":\"center\"}} -->\n<div class=\"wp-block-buttons\"><!-- wp:button {\"className\":\"is-style-fill\"} -->\n<div class=\"wp-block-button is-style-fill\"><a class=\"wp-block-button__link wp-element-button\" href=\"https:\/\/asta-hannover.de\/kontakt\/sprechstunden\/\" rel=\"\/sprechzeiten\">Office Hours<\/a><\/div>\n<!-- \/wp:button --><\/div>\n<!-- \/wp:buttons -->\n\n<!-- wp:paragraph -->\n<p><\/p>\n<!-- \/wp:paragraph --><\/div>\n<!-- \/wp:group -->","_en_post_name":"","_en_post_excerpt":"","_en_post_title":"Social Affairs","_es_post_content":"","_es_post_name":"","_es_post_excerpt":"","_es_post_title":"","edit_language":"en","footnotes":""},"class_list":["post-8860","page","type-page","status-publish","hentry"],"_links":{"self":[{"href":"https:\/\/asta-hannover.de\/en\/en\/wp-json\/wp\/v2\/pages\/8860","targetHints":{"allow":["GET"]}}],"collection":[{"href":"https:\/\/asta-hannover.de\/en\/en\/wp-json\/wp\/v2\/pages"}],"about":[{"href":"https:\/\/asta-hannover.de\/en\/en\/wp-json\/wp\/v2\/types\/page"}],"author":[{"embeddable":true,"href":"https:\/\/asta-hannover.de\/en\/en\/wp-json\/wp\/v2\/users\/5"}],"replies":[{"embeddable":true,"href":"https:\/\/asta-hannover.de\/en\/en\/wp-json\/wp\/v2\/comments?post=8860"}],"version-history":[{"count":5,"href":"https:\/\/asta-hannover.de\/en\/en\/wp-json\/wp\/v2\/pages\/8860\/revisions"}],"predecessor-version":[{"id":9299,"href":"https:\/\/asta-hannover.de\/en\/en\/wp-json\/wp\/v2\/pages\/8860\/revisions\/9299"}],"up":[{"embeddable":true,"href":"https:\/\/asta-hannover.de\/en\/en\/wp-json\/wp\/v2\/pages\/8644"}],"wp:attachment":[{"href":"https:\/\/asta-hannover.de\/en\/en\/wp-json\/wp\/v2\/media?parent=8860"}],"curies":[{"name":"wp","href":"https:\/\/api.w.org\/{rel}","templated":true}]}}