{"id":348,"date":"2012-09-09T12:57:51","date_gmt":"2012-09-09T10:57:51","guid":{"rendered":"http:\/\/www.asta-hannover.de\/?page_id=348"},"modified":"2023-01-28T15:14:50","modified_gmt":"2023-01-28T14:14:50","slug":"","status":"publish","type":"page","link":"https:\/\/asta-hannover.de\/en\/en\/angebote\/druckerei\/","title":{"rendered":"","raw":""},"content":{"rendered":"","protected":false,"raw":""},"excerpt":{"rendered":"","protected":false,"raw":""},"author":5,"featured_media":0,"parent":96,"menu_order":0,"comment_status":"closed","ping_status":"closed","template":"","meta":{"_de_post_content":"Wir m\u00f6chten uns als Druckereikollektiv der Universit\u00e4t Hannover kurz vorstellen. Uns gibt es bereits seit 20 Jahren im Theodor-Lessing-Haus direkt beim AStA. Bei uns arbeitet ein kleines Kollektiv aus Student_innen selbstverwaltet am Druck von Flugbl\u00e4ttern, Plakaten und Brosch\u00fcren aller Art.\n\nMit unserer Offset-Druckmaschine k\u00f6nnen wir euch vom einfachen Flyer bis zur gehefteten Brosch\u00fcre alles drucken. Dabei habt ihr die Auswahl zwischen unterschiedlich farbigem und dickem Papier, sowie diversen Druckfarben (z. B. schwarz, pink, silber,...). In den letzen Jahren haben wir zum Beispiel die AStA-Zeitung \"KonstrASt\", die Wahlzeitung sowie diverse Fachschaftszeitungen gedruckt.\n\nIn der Regel sind unsere Drucke einfarbig, nach Absprache sind aber auch mehrfarbige Drucke m\u00f6glich.\n\nBei uns k\u00f6nnen alle Studierende der Universit\u00e4t Hannover Drucksachen in Auftrag geben. Da wir keinen Gewinn machen wollen, sondern in erster Linie Studierenden die M\u00f6glichkeit bieten m\u00f6chten kosteng\u00fcnstig zu drucken, sind unsere Preise sehr niedrig. Die genauen Preise k\u00f6nnen im B\u00fcro des AStA oder direkt per Mail bei uns erfragt werden.\n\nBei weiteren Fragen stehen wir euch gerne unter <a href=\"mailto:asta-druckerei@web.de\">asta-druckerei@web.de<\/a> zur Verf\u00fcgung. Wir freuen uns auf eure Auftr\u00e4ge!","_de_post_name":"druckerei","_de_post_excerpt":"","_de_post_title":"Druckerei","_en_post_content":"","_en_post_name":"","_en_post_excerpt":"","_en_post_title":"","_es_post_content":"","_es_post_name":"","_es_post_excerpt":"","_es_post_title":"","edit_language":"en","footnotes":""},"class_list":["post-348","page","type-page","status-publish","hentry"],"_links":{"self":[{"href":"https:\/\/asta-hannover.de\/en\/en\/wp-json\/wp\/v2\/pages\/348","targetHints":{"allow":["GET"]}}],"collection":[{"href":"https:\/\/asta-hannover.de\/en\/en\/wp-json\/wp\/v2\/pages"}],"about":[{"href":"https:\/\/asta-hannover.de\/en\/en\/wp-json\/wp\/v2\/types\/page"}],"author":[{"embeddable":true,"href":"https:\/\/asta-hannover.de\/en\/en\/wp-json\/wp\/v2\/users\/5"}],"replies":[{"embeddable":true,"href":"https:\/\/asta-hannover.de\/en\/en\/wp-json\/wp\/v2\/comments?post=348"}],"version-history":[{"count":1,"href":"https:\/\/asta-hannover.de\/en\/en\/wp-json\/wp\/v2\/pages\/348\/revisions"}],"predecessor-version":[{"id":8697,"href":"https:\/\/asta-hannover.de\/en\/en\/wp-json\/wp\/v2\/pages\/348\/revisions\/8697"}],"up":[{"embeddable":true,"href":"https:\/\/asta-hannover.de\/en\/en\/wp-json\/wp\/v2\/pages\/96"}],"wp:attachment":[{"href":"https:\/\/asta-hannover.de\/en\/en\/wp-json\/wp\/v2\/media?parent=348"}],"curies":[{"name":"wp","href":"https:\/\/api.w.org\/{rel}","templated":true}]}}